{"id":982,"date":"2021-04-27T21:03:23","date_gmt":"2021-04-27T19:03:23","guid":{"rendered":"https:\/\/ikth.de\/startseite\/?page_id=982"},"modified":"2021-04-27T21:05:32","modified_gmt":"2021-04-27T19:05:32","slug":"nachweisberechtigte-mitglieder","status":"publish","type":"page","link":"https:\/\/ikth.de\/startseite\/nachweisberechtigte-mitglieder\/","title":{"rendered":"Nachweisberechtigte Mitglieder"},"content":{"rendered":"<div class=\"wpb-content-wrapper\"><p>[vc_row][vc_column]<div id=\"ultimate-heading-495169f5105b5d699\" class=\"uvc-heading ult-adjust-bottom-margin ultimate-heading-495169f5105b5d699 uvc-6540  uvc-heading-default-font-sizes\" data-hspacer=\"no_spacer\"  data-halign=\"left\" style=\"text-align:left\"><div class=\"uvc-heading-spacer no_spacer\" style=\"top\"><\/div><div class=\"uvc-main-heading ult-responsive\"  data-ultimate-target='.uvc-heading.ultimate-heading-495169f5105b5d699 h2'  data-responsive-json-new='{\"font-size\":\"\",\"line-height\":\"\"}' ><h2 style=\"--font-weight:theme;\">Nachweisberechtigte Mitglieder <\/h2><\/div><\/div>[vc_empty_space][\/vc_column][\/vc_row][vc_row][vc_column width=&#8220;3\/4&#8243;][vc_column_text]Die Ingenieurkammer Th\u00fcringen bestellt und vereidigt Sachverst\u00e4ndige f\u00fcr Fragen des Bauwesens und f\u00fchrt im gesetzlichen Auftrag Listen f\u00fcr Nachweis\u00adberechtigte f\u00fcr zwei Fachbereiche sowie die Liste der Pr\u00fcf\u00adsach\u00adverst\u00e4ndigen bei der Architektenkammer Th\u00fcringen f\u00fcr Brand\u00adschutz. Erweitern Sie Ihr T\u00e4tig\u00adkeits\u00adspektrum, st\u00e4rken Sie Ihre Position am Markt und erschlie\u00dfen Sie sich durch zus\u00e4tzliche Qualifikationen und Spezial\u00adkenntnisse neue Auftraggeber.<\/p>\n<p>Die Listen f\u00fcr die Nachweisberechtigten nach \u00a765 Th\u00fcrBO werden durch die Ingenieurkammer Th\u00fcringen gemeinsam mit der Architektenkammer Th\u00fcringen gef\u00fchrt, die Eintragung ist jedoch nicht an eine Mitgliedschaft in einer der Kammern gebunden.<\/p>\n<p>F\u00fcr Ihre Bauherren ist es sehr interessant, die bautechnischen Nachweise von ihrem Architekten bzw. ihrer Architekt\u00adin \u2013 also von Ihnen &#8211; aus einer Hand zu erhalten. Selbstverst\u00e4ndlich gegen das entsprechende Honorar! Nutzen Sie Ihre Chancen als Nachweis\u00adberechtigte, bevor der Markt ausschlie\u00dflich mit Ingenieuren besetzt ist, und stellen Sie jetzt Ihren Antrag auf Eintragung in die Liste der Nachweis\u00adberechtigten bei uns.[\/vc_column_text][vc_separator][\/vc_column][vc_column width=&#8220;1\/4&#8243;][\/vc_column][\/vc_row]<\/p>\n<\/div>","protected":false},"excerpt":{"rendered":"<p>[vc_row][vc_column][vc_empty_space][\/vc_column][\/vc_row][vc_row][vc_column width=&#8220;3\/4&#8243;][vc_column_text]Die Ingenieurkammer Th\u00fcringen bestellt und vereidigt Sachverst\u00e4ndige f\u00fcr Fragen des Bauwesens und f\u00fchrt im gesetzlichen Auftrag Listen f\u00fcr Nachweis\u00adberechtigte f\u00fcr zwei Fachbereiche sowie die Liste der Pr\u00fcf\u00adsach\u00adverst\u00e4ndigen bei der&hellip;<\/p>\n","protected":false},"author":3,"featured_media":0,"parent":0,"menu_order":0,"comment_status":"closed","ping_status":"closed","template":"","meta":{"_acf_changed":false,"footnotes":""},"class_list":["post-982","page","type-page","status-publish","hentry","description-off"],"acf":[],"yoast_head":"<!-- This site is optimized with the Yoast SEO plugin v26.4 - https:\/\/yoast.com\/wordpress\/plugins\/seo\/ -->\n<title>Nachweisberechtigte Mitglieder - Ingenieurkammer Th\u00fcringen<\/title>\n<meta name=\"description\" content=\"0\" \/>\n<meta name=\"robots\" content=\"index, follow, max-snippet:-1, max-image-preview:large, max-video-preview:-1\" \/>\n<link rel=\"canonical\" href=\"https:\/\/ikth.de\/startseite\/nachweisberechtigte-mitglieder\/\" \/>\n<meta property=\"og:locale\" content=\"de_DE\" \/>\n<meta property=\"og:type\" content=\"article\" \/>\n<meta property=\"og:title\" content=\"Nachweisberechtigte Mitglieder - Ingenieurkammer Th\u00fcringen\" \/>\n<meta property=\"og:description\" content=\"[vc_row][vc_column][vc_empty_space][\/vc_column][\/vc_row][vc_row][vc_column width=&#8220;3\/4&#8243;][vc_column_text]Die Ingenieurkammer Th\u00fcringen bestellt und vereidigt Sachverst\u00e4ndige f\u00fcr Fragen des Bauwesens und f\u00fchrt im gesetzlichen Auftrag Listen f\u00fcr Nachweis\u00adberechtigte f\u00fcr zwei Fachbereiche sowie die Liste der Pr\u00fcf\u00adsach\u00adverst\u00e4ndigen bei der&hellip;\" \/>\n<meta property=\"og:url\" content=\"https:\/\/ikth.de\/startseite\/nachweisberechtigte-mitglieder\/\" \/>\n<meta property=\"og:site_name\" content=\"Ingenieurkammer Th\u00fcringen\" \/>\n<meta property=\"article:modified_time\" content=\"2021-04-27T19:05:32+00:00\" \/>\n<meta name=\"twitter:card\" content=\"summary_large_image\" \/>\n<meta name=\"twitter:label1\" content=\"Gesch\u00e4tzte Lesezeit\" \/>\n\t<meta name=\"twitter:data1\" content=\"1\u00a0Minute\" \/>\n<script type=\"application\/ld+json\" class=\"yoast-schema-graph\">{\"@context\":\"https:\/\/schema.org\",\"@graph\":[{\"@type\":\"WebPage\",\"@id\":\"https:\/\/ikth.de\/startseite\/nachweisberechtigte-mitglieder\/\",\"url\":\"https:\/\/ikth.de\/startseite\/nachweisberechtigte-mitglieder\/\",\"name\":\"Nachweisberechtigte Mitglieder - Ingenieurkammer Th\u00fcringen\",\"isPartOf\":{\"@id\":\"https:\/\/ikth.de\/startseite\/#website\"},\"datePublished\":\"2021-04-27T19:03:23+00:00\",\"dateModified\":\"2021-04-27T19:05:32+00:00\",\"breadcrumb\":{\"@id\":\"https:\/\/ikth.de\/startseite\/nachweisberechtigte-mitglieder\/#breadcrumb\"},\"inLanguage\":\"de\",\"potentialAction\":[{\"@type\":\"ReadAction\",\"target\":[\"https:\/\/ikth.de\/startseite\/nachweisberechtigte-mitglieder\/\"]}]},{\"@type\":\"BreadcrumbList\",\"@id\":\"https:\/\/ikth.de\/startseite\/nachweisberechtigte-mitglieder\/#breadcrumb\",\"itemListElement\":[{\"@type\":\"ListItem\",\"position\":1,\"name\":\"Startseite\",\"item\":\"https:\/\/ikth.de\/startseite\/\"},{\"@type\":\"ListItem\",\"position\":2,\"name\":\"Nachweisberechtigte Mitglieder\"}]},{\"@type\":\"WebSite\",\"@id\":\"https:\/\/ikth.de\/startseite\/#website\",\"url\":\"https:\/\/ikth.de\/startseite\/\",\"name\":\"Ingenieurkammer Th\u00fcringen\",\"description\":\"\",\"potentialAction\":[{\"@type\":\"SearchAction\",\"target\":{\"@type\":\"EntryPoint\",\"urlTemplate\":\"https:\/\/ikth.de\/startseite\/?s={search_term_string}\"},\"query-input\":{\"@type\":\"PropertyValueSpecification\",\"valueRequired\":true,\"valueName\":\"search_term_string\"}}],\"inLanguage\":\"de\"}]}<\/script>\n<!-- \/ Yoast SEO plugin. -->","yoast_head_json":{"title":"Nachweisberechtigte Mitglieder - Ingenieurkammer Th\u00fcringen","robots":{"index":"index","follow":"follow","max-snippet":"max-snippet:-1","max-image-preview":"max-image-preview:large","max-video-preview":"max-video-preview:-1"},"canonical":"https:\/\/ikth.de\/startseite\/nachweisberechtigte-mitglieder\/","og_locale":"de_DE","og_type":"article","og_title":"Nachweisberechtigte Mitglieder - Ingenieurkammer Th\u00fcringen","og_description":"[vc_row][vc_column][vc_empty_space][\/vc_column][\/vc_row][vc_row][vc_column width=&#8220;3\/4&#8243;][vc_column_text]Die Ingenieurkammer Th\u00fcringen bestellt und vereidigt Sachverst\u00e4ndige f\u00fcr Fragen des Bauwesens und f\u00fchrt im gesetzlichen Auftrag Listen f\u00fcr Nachweis\u00adberechtigte f\u00fcr zwei Fachbereiche sowie die Liste der Pr\u00fcf\u00adsach\u00adverst\u00e4ndigen bei der&hellip;","og_url":"https:\/\/ikth.de\/startseite\/nachweisberechtigte-mitglieder\/","og_site_name":"Ingenieurkammer Th\u00fcringen","article_modified_time":"2021-04-27T19:05:32+00:00","twitter_card":"summary_large_image","twitter_misc":{"Gesch\u00e4tzte Lesezeit":"1\u00a0Minute"},"schema":{"@context":"https:\/\/schema.org","@graph":[{"@type":"WebPage","@id":"https:\/\/ikth.de\/startseite\/nachweisberechtigte-mitglieder\/","url":"https:\/\/ikth.de\/startseite\/nachweisberechtigte-mitglieder\/","name":"Nachweisberechtigte Mitglieder - Ingenieurkammer Th\u00fcringen","isPartOf":{"@id":"https:\/\/ikth.de\/startseite\/#website"},"datePublished":"2021-04-27T19:03:23+00:00","dateModified":"2021-04-27T19:05:32+00:00","breadcrumb":{"@id":"https:\/\/ikth.de\/startseite\/nachweisberechtigte-mitglieder\/#breadcrumb"},"inLanguage":"de","potentialAction":[{"@type":"ReadAction","target":["https:\/\/ikth.de\/startseite\/nachweisberechtigte-mitglieder\/"]}]},{"@type":"BreadcrumbList","@id":"https:\/\/ikth.de\/startseite\/nachweisberechtigte-mitglieder\/#breadcrumb","itemListElement":[{"@type":"ListItem","position":1,"name":"Startseite","item":"https:\/\/ikth.de\/startseite\/"},{"@type":"ListItem","position":2,"name":"Nachweisberechtigte Mitglieder"}]},{"@type":"WebSite","@id":"https:\/\/ikth.de\/startseite\/#website","url":"https:\/\/ikth.de\/startseite\/","name":"Ingenieurkammer Th\u00fcringen","description":"","potentialAction":[{"@type":"SearchAction","target":{"@type":"EntryPoint","urlTemplate":"https:\/\/ikth.de\/startseite\/?s={search_term_string}"},"query-input":{"@type":"PropertyValueSpecification","valueRequired":true,"valueName":"search_term_string"}}],"inLanguage":"de"}]}},"_links":{"self":[{"href":"https:\/\/ikth.de\/startseite\/wp-json\/wp\/v2\/pages\/982","targetHints":{"allow":["GET"]}}],"collection":[{"href":"https:\/\/ikth.de\/startseite\/wp-json\/wp\/v2\/pages"}],"about":[{"href":"https:\/\/ikth.de\/startseite\/wp-json\/wp\/v2\/types\/page"}],"author":[{"embeddable":true,"href":"https:\/\/ikth.de\/startseite\/wp-json\/wp\/v2\/users\/3"}],"replies":[{"embeddable":true,"href":"https:\/\/ikth.de\/startseite\/wp-json\/wp\/v2\/comments?post=982"}],"version-history":[{"count":0,"href":"https:\/\/ikth.de\/startseite\/wp-json\/wp\/v2\/pages\/982\/revisions"}],"wp:attachment":[{"href":"https:\/\/ikth.de\/startseite\/wp-json\/wp\/v2\/media?parent=982"}],"curies":[{"name":"wp","href":"https:\/\/api.w.org\/{rel}","templated":true}]}}