{"id":943,"date":"2021-04-27T09:11:25","date_gmt":"2021-04-27T07:11:25","guid":{"rendered":"https:\/\/ikth.de\/startseite\/?page_id=943"},"modified":"2026-02-11T15:56:09","modified_gmt":"2026-02-11T14:56:09","slug":"versorgungswerk","status":"publish","type":"page","link":"https:\/\/ikth.de\/startseite\/versorgungswerk\/","title":{"rendered":"Versorgungswerk"},"content":{"rendered":"<div class=\"wpb-content-wrapper\"><p>[vc_row][vc_column]<div id=\"ultimate-heading-47969d9f0fd29186\" class=\"uvc-heading ult-adjust-bottom-margin ultimate-heading-47969d9f0fd29186 uvc-586  uvc-heading-default-font-sizes\" data-hspacer=\"no_spacer\"  data-halign=\"left\" style=\"text-align:left\"><div class=\"uvc-heading-spacer no_spacer\" style=\"top\"><\/div><div class=\"uvc-main-heading ult-responsive\"  data-ultimate-target='.uvc-heading.ultimate-heading-47969d9f0fd29186 h1'  data-responsive-json-new='{\"font-size\":\"\",\"line-height\":\"\"}' ><h1 style=\"--font-weight:theme;\">Ingenieurversorgung Th\u00fcringen \u2013 Berufsst\u00e4ndische Versorgung<\/h1><\/div><\/div>[vc_empty_space][\/vc_column][\/vc_row][vc_row][vc_column width=&#8220;3\/4&#8243;][vc_column_text]Die berufsst\u00e4ndische Versorgung ist ein \u00f6ffentlich-rechtliches Versorgungssystem f\u00fcr die verkammerten freien Berufe und leistet Alters-, Berufsunf\u00e4higkeits- und Hinterbliebenenvorsorge.<\/p>\n<p>Am 01.09.2003 ist der Staatsvertrag zwischen dem Freistaat Bayern und dem Freistaat Th\u00fcringen \u00fcber die Zugeh\u00f6rigkeit der Mitglieder der Ingenieurkammer Th\u00fcringen zur Bayerischen Ingenieurversorgung-Bau in Kraft getreten.<br \/>\nEr kam auf Initiative der Ingenieurkammer Th\u00fcringen zustande, um ihren Mitgliedern die berufsst\u00e4ndischen Versorgungsm\u00f6glichkeiten einzur\u00e4umen, die den Berufskolleginnen und -kollegen anderer oder weiterer L\u00e4nderkammern seit 1995 zur Verf\u00fcgung stehen.<\/p>\n<p>Im Jahr 2006 schloss sich auch die Psychotherapeutenversorgung der Bayerischen Ingenieurversorgung-Bau an.[\/vc_column_text][vc_separator][vc_column_text]<\/p>\n<h4><strong>Mitgliedschaft<\/strong><\/h4>\n<p>Die <strong>Pflichtmitgliedschaft<\/strong> beginnt kraft Gesetzes gleichzeitig mit der Mitgliedschaft (\u00a7 21 Th\u00fcrAIKG) in der Ingenieurkammer und endet mit der L\u00f6schung der Mitgliedschaft (\u00a7 13 Th\u00fcrAIKG) in der Ingenieurkammer. Die im Versorgungswerk erworbene Anwartschaft verf\u00e4llt jedoch nicht, sondern bleibt beitragsfrei aufrecht erhalten, wird bei der Dynamisierung ber\u00fccksichtigt und dann als Alters- oder Berufsunf\u00e4higkeitsrente geleistet.<\/p>\n<p><strong>Freiwillige Mitgliedschaft<\/strong>: Die Mitgliedschaft im Versorgungswerk kann freiwillig fortgef\u00fchrt werden \u2013 aber nur dann, wenn eine Mitgliedschaft in einem anderen berufsst\u00e4ndischen Versorgungswerk nicht m\u00f6glich ist.<\/p>\n<p><strong>Wann ist eine Mitgliedschaft im Versorgungswerk ausgeschlossen?<\/strong><br \/>\nEine Mitgliedschaft ist ausgeschlossen, wenn bei Begr\u00fcndung der Mitgliedschaft in der Berufskammer das 45. Lebensjahr bereits vollendet ist oder Berufsunf\u00e4higkeit besteht.<\/p>\n<p><strong>Befreiungsm\u00f6glichkeit von der gesetzlichen Rentenversicherung<\/strong><br \/>\nVersorgungswerk und gesetzliche Rentenversicherung sind voneinander unabh\u00e4ngige Versorgungssysteme. Daher werden weder Versicherungszeiten noch Beitr\u00e4ge, Anwartschaften oder Renten \u00fcbergeleitet oder zusammengefasst. Eine Befreiung von der Versicherungspflicht in der gesetzlichen Rentenversicherung zu Gunsten des Versorgungswerks ist nur m\u00f6glich, wenn genau diejenige (Angestellten-)T\u00e4tigkeit, f\u00fcr die konkret die Befreiung beantragt wird, zu Pflichtmitgliedschaft in Berufskammer und Versorgungswerk f\u00fchrt. Ingenieure, die freiwillige Mitglieder ihrer Berufskammer sind, haben die Befreiungsm\u00f6glichkeit nicht.<\/p>\n<h4><strong><br \/>\nWeitere Informationen<\/strong><\/h4>\n<p>Website BIngV:<br \/>\n<a class=\"ext\" href=\"http:\/\/www.bingv.de\/\">Bayerische Ingenieurversorgung Bau<\/a><\/p>\n<p class=\"heading\">Postanschrift:<br \/>\nPostfach 81 02 06<br \/>\n81901 M\u00fcnchen<\/p>\n<p>Telefon: (089) 9235 &#8211; 6 \/ Telefon-Hotline (089) 9235 &#8211; 8770<br \/>\nE-Mail: <a href=\"mailto:bingv@versorgungskammer.de\">bingv@versorgungskammer.de<\/a>[\/vc_column_text][\/vc_column][vc_column width=&#8220;1\/4&#8243;][\/vc_column][\/vc_row]<\/p>\n<\/div>","protected":false},"excerpt":{"rendered":"<p>[vc_row][vc_column][vc_empty_space][\/vc_column][\/vc_row][vc_row][vc_column width=&#8220;3\/4&#8243;][vc_column_text]Die berufsst\u00e4ndische Versorgung ist ein \u00f6ffentlich-rechtliches Versorgungssystem f\u00fcr die verkammerten freien Berufe und leistet Alters-, Berufsunf\u00e4higkeits- und Hinterbliebenenvorsorge. Am 01.09.2003 ist der Staatsvertrag zwischen dem Freistaat Bayern und dem&hellip;<\/p>\n","protected":false},"author":3,"featured_media":0,"parent":0,"menu_order":0,"comment_status":"closed","ping_status":"closed","template":"","meta":{"_acf_changed":false,"footnotes":""},"class_list":["post-943","page","type-page","status-publish","hentry","description-off"],"acf":[],"yoast_head":"<!-- This site is optimized with the Yoast SEO plugin v26.4 - https:\/\/yoast.com\/wordpress\/plugins\/seo\/ -->\n<title>Versorgungswerk - Ingenieurkammer Th\u00fcringen<\/title>\n<meta name=\"description\" content=\"0\" \/>\n<meta name=\"robots\" content=\"index, follow, max-snippet:-1, max-image-preview:large, max-video-preview:-1\" \/>\n<link rel=\"canonical\" href=\"https:\/\/ikth.de\/startseite\/versorgungswerk\/\" \/>\n<meta property=\"og:locale\" content=\"de_DE\" \/>\n<meta property=\"og:type\" content=\"article\" \/>\n<meta property=\"og:title\" content=\"Versorgungswerk - Ingenieurkammer Th\u00fcringen\" \/>\n<meta property=\"og:description\" content=\"[vc_row][vc_column][vc_empty_space][\/vc_column][\/vc_row][vc_row][vc_column width=&#8220;3\/4&#8243;][vc_column_text]Die berufsst\u00e4ndische Versorgung ist ein \u00f6ffentlich-rechtliches Versorgungssystem f\u00fcr die verkammerten freien Berufe und leistet Alters-, Berufsunf\u00e4higkeits- und Hinterbliebenenvorsorge. Am 01.09.2003 ist der Staatsvertrag zwischen dem Freistaat Bayern und dem&hellip;\" \/>\n<meta property=\"og:url\" content=\"https:\/\/ikth.de\/startseite\/versorgungswerk\/\" \/>\n<meta property=\"og:site_name\" content=\"Ingenieurkammer Th\u00fcringen\" \/>\n<meta property=\"article:modified_time\" content=\"2026-02-11T14:56:09+00:00\" \/>\n<meta name=\"twitter:card\" content=\"summary_large_image\" \/>\n<meta name=\"twitter:label1\" content=\"Gesch\u00e4tzte Lesezeit\" \/>\n\t<meta name=\"twitter:data1\" content=\"2\u00a0Minuten\" \/>\n<script type=\"application\/ld+json\" class=\"yoast-schema-graph\">{\"@context\":\"https:\/\/schema.org\",\"@graph\":[{\"@type\":\"WebPage\",\"@id\":\"https:\/\/ikth.de\/startseite\/versorgungswerk\/\",\"url\":\"https:\/\/ikth.de\/startseite\/versorgungswerk\/\",\"name\":\"Versorgungswerk - Ingenieurkammer Th\u00fcringen\",\"isPartOf\":{\"@id\":\"https:\/\/ikth.de\/startseite\/#website\"},\"datePublished\":\"2021-04-27T07:11:25+00:00\",\"dateModified\":\"2026-02-11T14:56:09+00:00\",\"breadcrumb\":{\"@id\":\"https:\/\/ikth.de\/startseite\/versorgungswerk\/#breadcrumb\"},\"inLanguage\":\"de\",\"potentialAction\":[{\"@type\":\"ReadAction\",\"target\":[\"https:\/\/ikth.de\/startseite\/versorgungswerk\/\"]}]},{\"@type\":\"BreadcrumbList\",\"@id\":\"https:\/\/ikth.de\/startseite\/versorgungswerk\/#breadcrumb\",\"itemListElement\":[{\"@type\":\"ListItem\",\"position\":1,\"name\":\"Startseite\",\"item\":\"https:\/\/ikth.de\/startseite\/\"},{\"@type\":\"ListItem\",\"position\":2,\"name\":\"Versorgungswerk\"}]},{\"@type\":\"WebSite\",\"@id\":\"https:\/\/ikth.de\/startseite\/#website\",\"url\":\"https:\/\/ikth.de\/startseite\/\",\"name\":\"Ingenieurkammer Th\u00fcringen\",\"description\":\"\",\"potentialAction\":[{\"@type\":\"SearchAction\",\"target\":{\"@type\":\"EntryPoint\",\"urlTemplate\":\"https:\/\/ikth.de\/startseite\/?s={search_term_string}\"},\"query-input\":{\"@type\":\"PropertyValueSpecification\",\"valueRequired\":true,\"valueName\":\"search_term_string\"}}],\"inLanguage\":\"de\"}]}<\/script>\n<!-- \/ Yoast SEO plugin. -->","yoast_head_json":{"title":"Versorgungswerk - Ingenieurkammer Th\u00fcringen","robots":{"index":"index","follow":"follow","max-snippet":"max-snippet:-1","max-image-preview":"max-image-preview:large","max-video-preview":"max-video-preview:-1"},"canonical":"https:\/\/ikth.de\/startseite\/versorgungswerk\/","og_locale":"de_DE","og_type":"article","og_title":"Versorgungswerk - Ingenieurkammer Th\u00fcringen","og_description":"[vc_row][vc_column][vc_empty_space][\/vc_column][\/vc_row][vc_row][vc_column width=&#8220;3\/4&#8243;][vc_column_text]Die berufsst\u00e4ndische Versorgung ist ein \u00f6ffentlich-rechtliches Versorgungssystem f\u00fcr die verkammerten freien Berufe und leistet Alters-, Berufsunf\u00e4higkeits- und Hinterbliebenenvorsorge. Am 01.09.2003 ist der Staatsvertrag zwischen dem Freistaat Bayern und dem&hellip;","og_url":"https:\/\/ikth.de\/startseite\/versorgungswerk\/","og_site_name":"Ingenieurkammer Th\u00fcringen","article_modified_time":"2026-02-11T14:56:09+00:00","twitter_card":"summary_large_image","twitter_misc":{"Gesch\u00e4tzte Lesezeit":"2\u00a0Minuten"},"schema":{"@context":"https:\/\/schema.org","@graph":[{"@type":"WebPage","@id":"https:\/\/ikth.de\/startseite\/versorgungswerk\/","url":"https:\/\/ikth.de\/startseite\/versorgungswerk\/","name":"Versorgungswerk - Ingenieurkammer Th\u00fcringen","isPartOf":{"@id":"https:\/\/ikth.de\/startseite\/#website"},"datePublished":"2021-04-27T07:11:25+00:00","dateModified":"2026-02-11T14:56:09+00:00","breadcrumb":{"@id":"https:\/\/ikth.de\/startseite\/versorgungswerk\/#breadcrumb"},"inLanguage":"de","potentialAction":[{"@type":"ReadAction","target":["https:\/\/ikth.de\/startseite\/versorgungswerk\/"]}]},{"@type":"BreadcrumbList","@id":"https:\/\/ikth.de\/startseite\/versorgungswerk\/#breadcrumb","itemListElement":[{"@type":"ListItem","position":1,"name":"Startseite","item":"https:\/\/ikth.de\/startseite\/"},{"@type":"ListItem","position":2,"name":"Versorgungswerk"}]},{"@type":"WebSite","@id":"https:\/\/ikth.de\/startseite\/#website","url":"https:\/\/ikth.de\/startseite\/","name":"Ingenieurkammer Th\u00fcringen","description":"","potentialAction":[{"@type":"SearchAction","target":{"@type":"EntryPoint","urlTemplate":"https:\/\/ikth.de\/startseite\/?s={search_term_string}"},"query-input":{"@type":"PropertyValueSpecification","valueRequired":true,"valueName":"search_term_string"}}],"inLanguage":"de"}]}},"_links":{"self":[{"href":"https:\/\/ikth.de\/startseite\/wp-json\/wp\/v2\/pages\/943","targetHints":{"allow":["GET"]}}],"collection":[{"href":"https:\/\/ikth.de\/startseite\/wp-json\/wp\/v2\/pages"}],"about":[{"href":"https:\/\/ikth.de\/startseite\/wp-json\/wp\/v2\/types\/page"}],"author":[{"embeddable":true,"href":"https:\/\/ikth.de\/startseite\/wp-json\/wp\/v2\/users\/3"}],"replies":[{"embeddable":true,"href":"https:\/\/ikth.de\/startseite\/wp-json\/wp\/v2\/comments?post=943"}],"version-history":[{"count":2,"href":"https:\/\/ikth.de\/startseite\/wp-json\/wp\/v2\/pages\/943\/revisions"}],"predecessor-version":[{"id":9832,"href":"https:\/\/ikth.de\/startseite\/wp-json\/wp\/v2\/pages\/943\/revisions\/9832"}],"wp:attachment":[{"href":"https:\/\/ikth.de\/startseite\/wp-json\/wp\/v2\/media?parent=943"}],"curies":[{"name":"wp","href":"https:\/\/api.w.org\/{rel}","templated":true}]}}