{"id":896,"date":"2021-04-26T21:37:03","date_gmt":"2021-04-26T19:37:03","guid":{"rendered":"https:\/\/ikth.de\/startseite\/?page_id=896"},"modified":"2026-02-11T15:37:20","modified_gmt":"2026-02-11T14:37:20","slug":"geschaeftsstelle","status":"publish","type":"page","link":"https:\/\/ikth.de\/startseite\/geschaeftsstelle\/","title":{"rendered":"Gesch\u00e4ftsstelle"},"content":{"rendered":"<div class=\"wpb-content-wrapper\"><p>[vc_row type=&#8220;vc_default&#8220;][vc_column]<div id=\"ultimate-heading-741769d91729b9ddc\" class=\"uvc-heading ult-adjust-bottom-margin ultimate-heading-741769d91729b9ddc uvc-3256  uvc-heading-default-font-sizes\" data-hspacer=\"no_spacer\"  data-halign=\"left\" style=\"text-align:left\"><div class=\"uvc-heading-spacer no_spacer\" style=\"top\"><\/div><div class=\"uvc-main-heading ult-responsive\"  data-ultimate-target='.uvc-heading.ultimate-heading-741769d91729b9ddc h1'  data-responsive-json-new='{\"font-size\":\"\",\"line-height\":\"\"}' ><h1 style=\"--font-weight:theme;\">Die Gesch\u00e4ftsstelle der Ingenieurkammer Th\u00fcringen<\/h1><\/div><\/div>[vc_empty_space][\/vc_column][\/vc_row][vc_row type=&#8220;vc_default&#8220;][vc_column]<style type=\"text\/css\" data-type=\"the7_shortcodes-inline-css\">.dt-team-shortcode.team-masonry-shortcode-id-323eac905bdcbac207ba48bb8ee137e2 .team-desc {\n  padding: 20px 20px 20px 20px;\n}\n.dt-team-shortcode.team-masonry-shortcode-id-323eac905bdcbac207ba48bb8ee137e2 .team-author-name,\n.dt-team-shortcode.team-masonry-shortcode-id-323eac905bdcbac207ba48bb8ee137e2 .team-author-name a {\n  margin-bottom: 0px;\n  font-weight: bold;\n}\n.dt-team-shortcode.team-masonry-shortcode-id-323eac905bdcbac207ba48bb8ee137e2 .team-author p {\n  margin-bottom: 10px;\n  font-weight: bold;\n}\n.dt-team-shortcode.team-masonry-shortcode-id-323eac905bdcbac207ba48bb8ee137e2  .team-media {\n  padding: 0px 0px 0px 0px;\n}\n.dt-team-shortcode.team-masonry-shortcode-id-323eac905bdcbac207ba48bb8ee137e2 .dt-css-grid .team-media img {\n  max-width: 100%;\n}\n.dt-team-shortcode.team-masonry-shortcode-id-323eac905bdcbac207ba48bb8ee137e2 .team-content {\n  margin-bottom: 5px;\n}\n.dt-team-shortcode.team-masonry-shortcode-id-323eac905bdcbac207ba48bb8ee137e2  .team-media,\n.dt-team-shortcode.team-masonry-shortcode-id-323eac905bdcbac207ba48bb8ee137e2  .team-media a.rollover,\n.dt-team-shortcode.team-masonry-shortcode-id-323eac905bdcbac207ba48bb8ee137e2  .team-media a.rollover *,\n.dt-team-shortcode.team-masonry-shortcode-id-323eac905bdcbac207ba48bb8ee137e2  .team-media img {\n  border-radius: 0px;\n}\n.dt-team-shortcode.team-masonry-shortcode-id-323eac905bdcbac207ba48bb8ee137e2 .soc-ico {\n  margin-bottom: 15px;\n}\n.dt-team-shortcode.team-masonry-shortcode-id-323eac905bdcbac207ba48bb8ee137e2 .soc-ico a {\n  min-width: 26px;\n  min-height: 26px;\n  font-size: 16px;\n  border-radius: 100px;\n}\n.dt-team-shortcode.team-masonry-shortcode-id-323eac905bdcbac207ba48bb8ee137e2 .soc-ico a:not(:last-child) {\n  margin-right: 4px;\n}\n.dt-team-shortcode.team-masonry-shortcode-id-323eac905bdcbac207ba48bb8ee137e2 .soc-ico a:before,\n.dt-team-shortcode.team-masonry-shortcode-id-323eac905bdcbac207ba48bb8ee137e2 .soc-ico a:after {\n  min-width: 26px;\n  min-height: 26px;\n  padding: inherit;\n}\n.dt-icon-border-on.dt-team-shortcode.team-masonry-shortcode-id-323eac905bdcbac207ba48bb8ee137e2 .soc-ico a:before {\n  border: 0px solid transparent;\n}\n.dt-team-shortcode.team-masonry-shortcode-id-323eac905bdcbac207ba48bb8ee137e2 .soc-ico a:hover {\n  font-size: 16px;\n}\n#page .dt-team-shortcode.team-masonry-shortcode-id-323eac905bdcbac207ba48bb8ee137e2 .soc-ico a:hover .soc-font-icon {\n  color: rgba(255,255,255,0.75);\n  background: none;\n}\n.dt-icon-border-hover-on.dt-team-shortcode.team-masonry-shortcode-id-323eac905bdcbac207ba48bb8ee137e2 .soc-ico a:after {\n  border: 0px solid transparent;\n}\n#page .dt-team-shortcode.team-masonry-shortcode-id-323eac905bdcbac207ba48bb8ee137e2 .soc-ico a:not(:hover) .soc-font-icon {\n  color: #ffffff;\n  background: none;\n}\n.dt-team-shortcode.team-masonry-shortcode-id-323eac905bdcbac207ba48bb8ee137e2 .soc-ico a .soc-font-icon {\n  font-size: 16px;\n}\n.dt-team-shortcode.team-masonry-shortcode-id-323eac905bdcbac207ba48bb8ee137e2 .filter-bg-decoration .filter-categories a.act {\n  color: #fff;\n}\n.dt-team-shortcode.team-masonry-shortcode-id-323eac905bdcbac207ba48bb8ee137e2:not(.resize-by-browser-width) .dt-css-grid {\n  grid-row-gap: 30px;\n  grid-column-gap: 30px;\n  grid-template-columns: repeat(auto-fill,minmax(,1fr));\n}\n.cssgridlegacy.no-cssgrid .dt-team-shortcode.team-masonry-shortcode-id-323eac905bdcbac207ba48bb8ee137e2:not(.resize-by-browser-width) .dt-css-grid,\n.no-cssgridlegacy.no-cssgrid .dt-team-shortcode.team-masonry-shortcode-id-323eac905bdcbac207ba48bb8ee137e2:not(.resize-by-browser-width) .dt-css-grid {\n  display: flex;\n  flex-flow: row wrap;\n  margin: -15px;\n}\n.cssgridlegacy.no-cssgrid .dt-team-shortcode.team-masonry-shortcode-id-323eac905bdcbac207ba48bb8ee137e2:not(.resize-by-browser-width) .dt-css-grid .wf-cell,\n.no-cssgridlegacy.no-cssgrid .dt-team-shortcode.team-masonry-shortcode-id-323eac905bdcbac207ba48bb8ee137e2:not(.resize-by-browser-width) .dt-css-grid .wf-cell {\n  flex: 1 0 ;\n  max-width: 100%;\n  padding: 15px;\n  box-sizing: border-box;\n}\n.dt-team-shortcode.team-masonry-shortcode-id-323eac905bdcbac207ba48bb8ee137e2.resize-by-browser-width .dt-css-grid {\n  grid-template-columns: repeat(3,1fr);\n  grid-template-rows: auto;\n  grid-column-gap: 30px;\n  grid-row-gap: 30px;\n}\n.cssgridlegacy.no-cssgrid .dt-team-shortcode.team-masonry-shortcode-id-323eac905bdcbac207ba48bb8ee137e2.resize-by-browser-width .dt-css-grid,\n.no-cssgridlegacy.no-cssgrid .dt-team-shortcode.team-masonry-shortcode-id-323eac905bdcbac207ba48bb8ee137e2.resize-by-browser-width .dt-css-grid {\n  margin: -15px;\n}\n.cssgridlegacy.no-cssgrid .dt-team-shortcode.team-masonry-shortcode-id-323eac905bdcbac207ba48bb8ee137e2.resize-by-browser-width .dt-css-grid .wf-cell,\n.no-cssgridlegacy.no-cssgrid .dt-team-shortcode.team-masonry-shortcode-id-323eac905bdcbac207ba48bb8ee137e2.resize-by-browser-width .dt-css-grid .wf-cell {\n  width: 33.3333333333%;\n  padding: 15px;\n}\n@media screen and (max-width: 1199px) {\n  .dt-team-shortcode.team-masonry-shortcode-id-323eac905bdcbac207ba48bb8ee137e2.resize-by-browser-width .dt-css-grid {\n    grid-template-columns: repeat(3,1fr);\n  }\n  .cssgridlegacy.no-cssgrid .dt-team-shortcode.team-masonry-shortcode-id-323eac905bdcbac207ba48bb8ee137e2.resize-by-browser-width .dt-css-grid .wf-cell,\n  .no-cssgridlegacy.no-cssgrid .dt-team-shortcode.team-masonry-shortcode-id-323eac905bdcbac207ba48bb8ee137e2.resize-by-browser-width .dt-css-grid .wf-cell {\n    width: 33.3333333333%;\n  }\n}\n@media screen and (max-width: 991px) {\n  .dt-team-shortcode.team-masonry-shortcode-id-323eac905bdcbac207ba48bb8ee137e2.resize-by-browser-width .dt-css-grid {\n    grid-template-columns: repeat(2,1fr);\n  }\n  .cssgridlegacy.no-cssgrid .dt-team-shortcode.team-masonry-shortcode-id-323eac905bdcbac207ba48bb8ee137e2.resize-by-browser-width .dt-css-grid .wf-cell,\n  .no-cssgridlegacy.no-cssgrid .dt-team-shortcode.team-masonry-shortcode-id-323eac905bdcbac207ba48bb8ee137e2.resize-by-browser-width .dt-css-grid .wf-cell {\n    width: 50%;\n  }\n}\n@media screen and (max-width: 767px) {\n  .dt-team-shortcode.team-masonry-shortcode-id-323eac905bdcbac207ba48bb8ee137e2.resize-by-browser-width .dt-css-grid {\n    grid-template-columns: repeat(1,1fr);\n  }\n  .cssgridlegacy.no-cssgrid .dt-team-shortcode.team-masonry-shortcode-id-323eac905bdcbac207ba48bb8ee137e2.resize-by-browser-width .dt-css-grid .wf-cell,\n  .no-cssgridlegacy.no-cssgrid .dt-team-shortcode.team-masonry-shortcode-id-323eac905bdcbac207ba48bb8ee137e2.resize-by-browser-width .dt-css-grid .wf-cell {\n    width: 100%;\n  }\n}<\/style><div class=\"dt-team-masonry-shortcode dt-team-shortcode team-masonry-shortcode-id-323eac905bdcbac207ba48bb8ee137e2 loading-effect-fade-in mode-grid jquery-filter content-align-left content-bg-on dt-css-grid-wrap dt-css-grid-wrap disable-bg-rollover dt-icon-bg-on dt-icon-border-on dt-icon-hover-bg-on dt-icon-border-hover-on resize-by-browser-width  \" data-padding=\"15px\" data-cur-page=\"1\" data-post-limit=\"-1\" data-pagination-mode=\"none\" data-desktop-columns-num=\"3\" data-v-tablet-columns-num=\"2\" data-h-tablet-columns-num=\"3\" data-phone-columns-num=\"1\" data-width=\"0px\" data-columns=\"0\"><div class=\"dt-css-grid\" ><div class=\"visible wf-cell\" data-post-id=\"898\" data-date=\"2021-04-26T21:37:45+02:00\" data-name=\"Dr.-Ing. Rico P. L\u00f6big\"><div class=\"team-container visible post post-898 dt_team type-dt_team status-publish has-post-thumbnail hentry dt_team_category-mitarbeiter dt_team_category-66\"><div class=\"team-media\"><span><img loading=\"lazy\" decoding=\"async\" class=\"preload-me aspect\" src=\"https:\/\/ikth.de\/wp-content\/uploads\/2021\/04\/DSC02096a.jpg\" srcset=\"https:\/\/ikth.de\/wp-content\/uploads\/2021\/04\/DSC02096a.jpg 999w\" style=\"--ratio: 999 \/ 666\" sizes=\"auto, (max-width: 999px) 100vw, 999px\" width=\"999\" height=\"666\"  title=\"DSC02096a\" alt=\"Gesch\u00e4ftsf\u00fchrer Dr. Rico P. L\u00f6big\" \/><\/span><\/div><div class=\"team-desc\"><div class=\"team-author\"><div class=\"team-author-name\">Dr.-Ing. Rico P. L\u00f6big<\/div><p>Gesch\u00e4ftsf\u00fchrer <\/p><\/div><div class=\"team-content\"><\/div><\/div><\/div><\/div><div class=\"visible wf-cell\" data-post-id=\"923\" data-date=\"2021-04-27T07:26:54+02:00\" data-name=\"Franziska Hartung (in Elternzeit)\"><div class=\"team-container visible post post-923 dt_team type-dt_team status-publish has-post-thumbnail hentry dt_team_category-mitarbeiter dt_team_category-66\"><div class=\"team-media\"><span><img loading=\"lazy\" decoding=\"async\" class=\"preload-me aspect\" src=\"https:\/\/ikth.de\/wp-content\/uploads\/2021\/04\/DSC02101a-982x654.jpg\" srcset=\"https:\/\/ikth.de\/wp-content\/uploads\/2021\/04\/DSC02101a-982x654.jpg 982w\" style=\"--ratio: 982 \/ 654\" sizes=\"auto, (max-width: 982px) 100vw, 982px\" width=\"982\" height=\"654\"  title=\"DSC02101a\" alt=\"Franziska Hartung Assistentin der Gesch\u00e4ftsf\u00fchrung\" \/><\/span><\/div><div class=\"team-desc\"><div class=\"team-author\"><div class=\"team-author-name\">Franziska Hartung (in Elternzeit)<\/div><p>Assistentin der Gesch\u00e4ftsf\u00fchrung<\/p><\/div><div class=\"team-content\"><p><strong>Terminmanagement, \u00d6ffentlichkeitsarbeit<\/strong><\/p>\n<p>Telefon: 0361 22873 32<\/p>\n<p>&nbsp;<\/p>\n<\/div><div class=\"soc-ico\"><a title=\"E-mail\" href=\"mailto:f.hartung@ikth.de\" target=\"_top\" class=\"mail\"><span class=\"soc-font-icon\"><\/span><span class=\"screen-reader-text\">E-mail<\/span><\/a><\/div><\/div><\/div><\/div><div class=\"visible wf-cell\" data-post-id=\"9049\" data-date=\"2021-04-27T07:27:09+02:00\" data-name=\"Julia Callensee-Flecken\"><div class=\"team-container visible post post-9049 dt_team type-dt_team status-publish has-post-thumbnail hentry dt_team_category-mitarbeiter dt_team_category-66\"><div class=\"team-media\"><a href=\"https:\/\/ikth.de\/startseite\/dt_team\/julia-callensee-flecken\/\" class=\"rollover\"><img loading=\"lazy\" decoding=\"async\" class=\"preload-me aspect\" src=\"https:\/\/ikth.de\/wp-content\/uploads\/2025\/08\/Julia_Callensee-1-2559x1706.jpg\" srcset=\"https:\/\/ikth.de\/wp-content\/uploads\/2025\/08\/Julia_Callensee-1-2559x1706.jpg 2559w, https:\/\/ikth.de\/wp-content\/uploads\/2025\/08\/Julia_Callensee-1-2560x1706.jpg 2560w\" style=\"--ratio: 2559 \/ 1706\" sizes=\"auto, (max-width: 2559px) 100vw, 2559px\" width=\"2559\" height=\"1706\"  title=\"Julia_Callensee\" alt=\"Assistentin der Gesch\u00e4ftsf\u00fchrung Julia Callensee\" \/><\/a><\/div><div class=\"team-desc\"><div class=\"team-author\"><div class=\"team-author-name\"><a href=\"https:\/\/ikth.de\/startseite\/dt_team\/julia-callensee-flecken\/\">Julia Callensee-Flecken<\/a><\/div><p>Assistentin der Gesch\u00e4ftsf\u00fchrung<\/p><\/div><div class=\"team-content\"><p><strong>Terminmanagement, \u00d6ffentlichkeitsarbeit<\/strong><\/p>\n<p>Telefon: 0361 22873 32<\/p>\n<\/div><div class=\"soc-ico\"><a title=\"E-mail\" href=\"mailto:j.callensee-flecken@ikth.de\" target=\"_top\" class=\"mail\"><span class=\"soc-font-icon\"><\/span><span class=\"screen-reader-text\">E-mail<\/span><\/a><\/div><\/div><\/div><\/div><div class=\"visible wf-cell\" data-post-id=\"4389\" data-date=\"2022-09-05T08:58:13+02:00\" data-name=\"Ines Gehlhaar\"><div class=\"team-container visible post post-4389 dt_team type-dt_team status-publish has-post-thumbnail hentry dt_team_category-mitarbeiter dt_team_category-66\"><div class=\"team-media\"><span><img loading=\"lazy\" decoding=\"async\" class=\"preload-me aspect\" src=\"https:\/\/ikth.de\/wp-content\/uploads\/2021\/04\/DSC09790a.jpg\" srcset=\"https:\/\/ikth.de\/wp-content\/uploads\/2021\/04\/DSC09790a.jpg 999w\" style=\"--ratio: 999 \/ 666\" sizes=\"auto, (max-width: 999px) 100vw, 999px\" width=\"999\" height=\"666\"  title=\"DSC09790a\" alt=\"Ines Gehlhaar Eintragungswesen\" \/><\/span><\/div><div class=\"team-desc\"><div class=\"team-author\"><div class=\"team-author-name\">Ines Gehlhaar<\/div><p>Eintragungswesen<\/p><\/div><div class=\"team-content\"><p>Telefon: 0361 22873 56<br \/>\nTelefax: 0361 22873 46<\/p>\n<\/div><div class=\"soc-ico\"><a title=\"E-mail\" href=\"mailto:i.gehlhaar@ikth.de\" target=\"_top\" class=\"mail\"><span class=\"soc-font-icon\"><\/span><span class=\"screen-reader-text\">E-mail<\/span><\/a><\/div><\/div><\/div><\/div><div class=\"visible wf-cell\" data-post-id=\"4390\" data-date=\"2022-09-05T08:58:19+02:00\" data-name=\"Adriana Jerchel\"><div class=\"team-container visible post post-4390 dt_team type-dt_team status-publish has-post-thumbnail hentry dt_team_category-mitarbeiter dt_team_category-66\"><div class=\"team-media\"><span><img loading=\"lazy\" decoding=\"async\" class=\"preload-me aspect\" src=\"https:\/\/ikth.de\/wp-content\/uploads\/2021\/04\/DSC09746ab-999x666.jpg\" srcset=\"https:\/\/ikth.de\/wp-content\/uploads\/2021\/04\/DSC09746ab-999x666.jpg 999w, https:\/\/ikth.de\/wp-content\/uploads\/2021\/04\/DSC09746ab-1000x666.jpg 1000w\" style=\"--ratio: 999 \/ 666\" sizes=\"auto, (max-width: 999px) 100vw, 999px\" width=\"999\" height=\"666\"  title=\"DSC09746ab\" alt=\"Adriana Jerchel Buchhaltung\" \/><\/span><\/div><div class=\"team-desc\"><div class=\"team-author\"><div class=\"team-author-name\">Adriana Jerchel<\/div><p>Buchhaltung<\/p><\/div><div class=\"team-content\"><p>Telefon: 0361 22873 57<\/p>\n<\/div><div class=\"soc-ico\"><a title=\"E-mail\" href=\"mailto:a.jerchel@ikth.de\" target=\"_top\" class=\"mail\"><span class=\"soc-font-icon\"><\/span><span class=\"screen-reader-text\">E-mail<\/span><\/a><\/div><\/div><\/div><\/div><div class=\"visible wf-cell\" data-post-id=\"5574\" data-date=\"2023-09-12T08:25:45+02:00\" data-name=\"Cornelia Lehmer\"><div class=\"team-container visible post post-5574 dt_team type-dt_team status-publish has-post-thumbnail hentry dt_team_category-mitarbeiter dt_team_category-66\"><div class=\"team-media\"><span><img loading=\"lazy\" decoding=\"async\" class=\"preload-me aspect\" src=\"https:\/\/ikth.de\/wp-content\/uploads\/2023\/09\/lehmer2-scaled-e1694500502547-999x666.jpg\" srcset=\"https:\/\/ikth.de\/wp-content\/uploads\/2023\/09\/lehmer2-scaled-e1694500502547-999x666.jpg 999w, https:\/\/ikth.de\/wp-content\/uploads\/2023\/09\/lehmer2-scaled-e1694500502547-1000x666.jpg 1000w\" style=\"--ratio: 999 \/ 666\" sizes=\"auto, (max-width: 999px) 100vw, 999px\" width=\"999\" height=\"666\"  title=\"lehmer2\" alt=\"Referentin f\u00fcr Kammerrecht Cornelia Lehmer\" \/><\/span><\/div><div class=\"team-desc\"><div class=\"team-author\"><div class=\"team-author-name\">Cornelia Lehmer<\/div><p>Referentin f\u00fcr Kammerrecht<\/p><\/div><div class=\"team-content\"><p><strong>Antikorruptionsbeauftragte, Innenrevision<\/strong><\/p>\n<p>Telefon: 0361 22873 40<\/p>\n<\/div><div class=\"soc-ico\"><a title=\"E-mail\" href=\"mailto:c.lehmer@ikth.de\" target=\"_top\" class=\"mail\"><span class=\"soc-font-icon\"><\/span><span class=\"screen-reader-text\">E-mail<\/span><\/a><\/div><\/div><\/div><\/div><div class=\"visible wf-cell\" data-post-id=\"5582\" data-date=\"2023-09-12T08:37:43+02:00\" data-name=\"Barbara Wellendorf\"><div class=\"team-container visible post post-5582 dt_team type-dt_team status-publish has-post-thumbnail hentry dt_team_category-mitarbeiter dt_team_category-66\"><div class=\"team-media\"><span><img loading=\"lazy\" decoding=\"async\" class=\"preload-me aspect\" src=\"https:\/\/ikth.de\/wp-content\/uploads\/2021\/04\/DSC09795a.jpg\" srcset=\"https:\/\/ikth.de\/wp-content\/uploads\/2021\/04\/DSC09795a.jpg 999w\" style=\"--ratio: 999 \/ 666\" sizes=\"auto, (max-width: 999px) 100vw, 999px\" width=\"999\" height=\"666\"  title=\"DSC09795a\" alt=\"stellv. Gesch\u00e4ftsf\u00fchrerin Barbara Wellendorf\" \/><\/span><\/div><div class=\"team-desc\"><div class=\"team-author\"><div class=\"team-author-name\">Barbara Wellendorf<\/div><p>Anerkennung von Weiterbildungsveranstaltungen<\/p><\/div><div class=\"team-content\"><p>Telefon: 0361 22873 34<\/p>\n<\/div><div class=\"soc-ico\"><a title=\"E-mail\" href=\"mailto:b.wellendorf@ikth.de\" target=\"_top\" class=\"mail\"><span class=\"soc-font-icon\"><\/span><span class=\"screen-reader-text\">E-mail<\/span><\/a><\/div><\/div><\/div><\/div><div class=\"visible wf-cell\" data-post-id=\"5584\" data-date=\"2025-08-08T09:35:17+02:00\" data-name=\"RA Dr. Axel Lakonen-Schmidt\"><div class=\"team-container visible post post-5584 dt_team type-dt_team status-publish has-post-thumbnail hentry dt_team_category-mitarbeiter dt_team_category-66\"><div class=\"team-media\"><span><img loading=\"lazy\" decoding=\"async\" class=\"preload-me aspect\" src=\"https:\/\/ikth.de\/wp-content\/uploads\/2023\/09\/Schmidt-scaled-e1694517946298-819x546.jpg\" srcset=\"https:\/\/ikth.de\/wp-content\/uploads\/2023\/09\/Schmidt-scaled-e1694517946298-819x546.jpg 819w\" style=\"--ratio: 819 \/ 546\" sizes=\"auto, (max-width: 819px) 100vw, 819px\" width=\"819\" height=\"546\"  title=\"DrLakonenSchmidt\" alt=\"Rechtsberatung f\u00fcr Mitglieder RA Dr. Axel Lakonen-Schmidt\" \/><\/span><\/div><div class=\"team-desc\"><div class=\"team-author\"><div class=\"team-author-name\">RA Dr. Axel Lakonen-Schmidt<\/div><p>Rechtsberatung f\u00fcr Mitglieder<\/p><\/div><div class=\"team-content\"><p><a href=\"https:\/\/ikth.de\/startseite\/recht-service\/\">weitere Informationen zum Kontakt<\/a><\/p>\n<\/div><\/div><\/div><\/div><\/div><!-- iso-container|iso-grid --><\/div>[\/vc_column][\/vc_row]<\/p>\n<\/div>","protected":false},"excerpt":{"rendered":"<p>[vc_row type=&#8220;vc_default&#8220;][vc_column][vc_empty_space][\/vc_column][\/vc_row][vc_row type=&#8220;vc_default&#8220;][vc_column][\/vc_column][\/vc_row]<\/p>\n","protected":false},"author":3,"featured_media":0,"parent":0,"menu_order":0,"comment_status":"closed","ping_status":"closed","template":"","meta":{"_acf_changed":false,"footnotes":""},"class_list":["post-896","page","type-page","status-publish","hentry","description-off"],"acf":[],"yoast_head":"<!-- This site is optimized with the Yoast SEO plugin v26.4 - https:\/\/yoast.com\/wordpress\/plugins\/seo\/ -->\n<title>Gesch\u00e4ftsstelle - Ingenieurkammer Th\u00fcringen<\/title>\n<meta name=\"description\" content=\"0\" \/>\n<meta name=\"robots\" content=\"index, follow, max-snippet:-1, max-image-preview:large, max-video-preview:-1\" \/>\n<link rel=\"canonical\" href=\"https:\/\/ikth.de\/startseite\/geschaeftsstelle\/\" \/>\n<meta property=\"og:locale\" content=\"de_DE\" \/>\n<meta property=\"og:type\" content=\"article\" \/>\n<meta property=\"og:title\" content=\"Gesch\u00e4ftsstelle - Ingenieurkammer Th\u00fcringen\" \/>\n<meta property=\"og:description\" content=\"[vc_row type=&#8220;vc_default&#8220;][vc_column][vc_empty_space][\/vc_column][\/vc_row][vc_row type=&#8220;vc_default&#8220;][vc_column][\/vc_column][\/vc_row]\" \/>\n<meta property=\"og:url\" content=\"https:\/\/ikth.de\/startseite\/geschaeftsstelle\/\" \/>\n<meta property=\"og:site_name\" content=\"Ingenieurkammer Th\u00fcringen\" \/>\n<meta property=\"article:modified_time\" content=\"2026-02-11T14:37:20+00:00\" \/>\n<meta name=\"twitter:card\" content=\"summary_large_image\" \/>\n<meta name=\"twitter:label1\" content=\"Gesch\u00e4tzte Lesezeit\" \/>\n\t<meta name=\"twitter:data1\" content=\"1\u00a0Minute\" \/>\n<script type=\"application\/ld+json\" class=\"yoast-schema-graph\">{\"@context\":\"https:\/\/schema.org\",\"@graph\":[{\"@type\":\"WebPage\",\"@id\":\"https:\/\/ikth.de\/startseite\/geschaeftsstelle\/\",\"url\":\"https:\/\/ikth.de\/startseite\/geschaeftsstelle\/\",\"name\":\"Gesch\u00e4ftsstelle - Ingenieurkammer Th\u00fcringen\",\"isPartOf\":{\"@id\":\"https:\/\/ikth.de\/startseite\/#website\"},\"datePublished\":\"2021-04-26T19:37:03+00:00\",\"dateModified\":\"2026-02-11T14:37:20+00:00\",\"breadcrumb\":{\"@id\":\"https:\/\/ikth.de\/startseite\/geschaeftsstelle\/#breadcrumb\"},\"inLanguage\":\"de\",\"potentialAction\":[{\"@type\":\"ReadAction\",\"target\":[\"https:\/\/ikth.de\/startseite\/geschaeftsstelle\/\"]}]},{\"@type\":\"BreadcrumbList\",\"@id\":\"https:\/\/ikth.de\/startseite\/geschaeftsstelle\/#breadcrumb\",\"itemListElement\":[{\"@type\":\"ListItem\",\"position\":1,\"name\":\"Startseite\",\"item\":\"https:\/\/ikth.de\/startseite\/\"},{\"@type\":\"ListItem\",\"position\":2,\"name\":\"Gesch\u00e4ftsstelle\"}]},{\"@type\":\"WebSite\",\"@id\":\"https:\/\/ikth.de\/startseite\/#website\",\"url\":\"https:\/\/ikth.de\/startseite\/\",\"name\":\"Ingenieurkammer Th\u00fcringen\",\"description\":\"\",\"potentialAction\":[{\"@type\":\"SearchAction\",\"target\":{\"@type\":\"EntryPoint\",\"urlTemplate\":\"https:\/\/ikth.de\/startseite\/?s={search_term_string}\"},\"query-input\":{\"@type\":\"PropertyValueSpecification\",\"valueRequired\":true,\"valueName\":\"search_term_string\"}}],\"inLanguage\":\"de\"}]}<\/script>\n<!-- \/ Yoast SEO plugin. -->","yoast_head_json":{"title":"Gesch\u00e4ftsstelle - Ingenieurkammer Th\u00fcringen","robots":{"index":"index","follow":"follow","max-snippet":"max-snippet:-1","max-image-preview":"max-image-preview:large","max-video-preview":"max-video-preview:-1"},"canonical":"https:\/\/ikth.de\/startseite\/geschaeftsstelle\/","og_locale":"de_DE","og_type":"article","og_title":"Gesch\u00e4ftsstelle - Ingenieurkammer Th\u00fcringen","og_description":"[vc_row type=&#8220;vc_default&#8220;][vc_column][vc_empty_space][\/vc_column][\/vc_row][vc_row type=&#8220;vc_default&#8220;][vc_column][\/vc_column][\/vc_row]","og_url":"https:\/\/ikth.de\/startseite\/geschaeftsstelle\/","og_site_name":"Ingenieurkammer Th\u00fcringen","article_modified_time":"2026-02-11T14:37:20+00:00","twitter_card":"summary_large_image","twitter_misc":{"Gesch\u00e4tzte Lesezeit":"1\u00a0Minute"},"schema":{"@context":"https:\/\/schema.org","@graph":[{"@type":"WebPage","@id":"https:\/\/ikth.de\/startseite\/geschaeftsstelle\/","url":"https:\/\/ikth.de\/startseite\/geschaeftsstelle\/","name":"Gesch\u00e4ftsstelle - Ingenieurkammer Th\u00fcringen","isPartOf":{"@id":"https:\/\/ikth.de\/startseite\/#website"},"datePublished":"2021-04-26T19:37:03+00:00","dateModified":"2026-02-11T14:37:20+00:00","breadcrumb":{"@id":"https:\/\/ikth.de\/startseite\/geschaeftsstelle\/#breadcrumb"},"inLanguage":"de","potentialAction":[{"@type":"ReadAction","target":["https:\/\/ikth.de\/startseite\/geschaeftsstelle\/"]}]},{"@type":"BreadcrumbList","@id":"https:\/\/ikth.de\/startseite\/geschaeftsstelle\/#breadcrumb","itemListElement":[{"@type":"ListItem","position":1,"name":"Startseite","item":"https:\/\/ikth.de\/startseite\/"},{"@type":"ListItem","position":2,"name":"Gesch\u00e4ftsstelle"}]},{"@type":"WebSite","@id":"https:\/\/ikth.de\/startseite\/#website","url":"https:\/\/ikth.de\/startseite\/","name":"Ingenieurkammer Th\u00fcringen","description":"","potentialAction":[{"@type":"SearchAction","target":{"@type":"EntryPoint","urlTemplate":"https:\/\/ikth.de\/startseite\/?s={search_term_string}"},"query-input":{"@type":"PropertyValueSpecification","valueRequired":true,"valueName":"search_term_string"}}],"inLanguage":"de"}]}},"_links":{"self":[{"href":"https:\/\/ikth.de\/startseite\/wp-json\/wp\/v2\/pages\/896","targetHints":{"allow":["GET"]}}],"collection":[{"href":"https:\/\/ikth.de\/startseite\/wp-json\/wp\/v2\/pages"}],"about":[{"href":"https:\/\/ikth.de\/startseite\/wp-json\/wp\/v2\/types\/page"}],"author":[{"embeddable":true,"href":"https:\/\/ikth.de\/startseite\/wp-json\/wp\/v2\/users\/3"}],"replies":[{"embeddable":true,"href":"https:\/\/ikth.de\/startseite\/wp-json\/wp\/v2\/comments?post=896"}],"version-history":[{"count":2,"href":"https:\/\/ikth.de\/startseite\/wp-json\/wp\/v2\/pages\/896\/revisions"}],"predecessor-version":[{"id":9822,"href":"https:\/\/ikth.de\/startseite\/wp-json\/wp\/v2\/pages\/896\/revisions\/9822"}],"wp:attachment":[{"href":"https:\/\/ikth.de\/startseite\/wp-json\/wp\/v2\/media?parent=896"}],"curies":[{"name":"wp","href":"https:\/\/api.w.org\/{rel}","templated":true}]}}