{"id":866,"date":"2021-04-26T18:52:46","date_gmt":"2021-04-26T16:52:46","guid":{"rendered":"https:\/\/ikth.de\/startseite\/?page_id=866"},"modified":"2026-02-11T15:40:01","modified_gmt":"2026-02-11T14:40:01","slug":"ueberuns","status":"publish","type":"page","link":"https:\/\/ikth.de\/startseite\/ueberuns\/","title":{"rendered":"\u00dcber uns"},"content":{"rendered":"<div class=\"wpb-content-wrapper\"><p>[vc_row type=&#8220;vc_default&#8220;][vc_column][vc_row_inner][vc_column_inner]<div id=\"ultimate-heading-509869dff4860fd9d\" class=\"uvc-heading ult-adjust-bottom-margin ultimate-heading-509869dff4860fd9d uvc-6741  uvc-heading-default-font-sizes\" data-hspacer=\"no_spacer\"  data-halign=\"left\" style=\"text-align:left\"><div class=\"uvc-heading-spacer no_spacer\" style=\"top\"><\/div><div class=\"uvc-main-heading ult-responsive\"  data-ultimate-target='.uvc-heading.ultimate-heading-509869dff4860fd9d h1'  data-responsive-json-new='{\"font-size\":\"\",\"line-height\":\"\"}' ><h1 style=\"--font-weight:theme;\">Ingenieurkammer Th\u00fcringen<\/h1><\/div><\/div>[vc_empty_space][\/vc_column_inner][\/vc_row_inner][vc_row_inner][vc_column_inner width=&#8220;3\/4&#8243;][vc_column_text]Die Ingenieurkammer Th\u00fcringen ist eine K\u00f6rperschaft des \u00f6ffentlichen Rechts. Aufsichtsbeh\u00f6rde ist das Th\u00fcringer Ministerium f\u00fcr Infrastruktur und Landwirtschaft.<\/p>\n<p>Gesetzliche Grundlage ihrer T\u00e4tigkeit ist das Th\u00fcringer Gesetz \u00fcber die Architektenkammer, die Ingenieurkammer und den Schutz von Berufsbezeichnungen (Th\u00fcringer Architekten- und Ingenieurkammergesetz \u2013 Th\u00fcrAIKG) vom 14.12.2016 (GVBl. S.529), zuletzt ge\u00e4ndert durch Gesetz vom 23. Juli 2020 (GVBl. S. 365), sowie die Th\u00fcringer Bauordnung (Th\u00fcrBO) in der Fassung vom 13.03.2014.<\/p>\n<p>Sitz und Gerichtsstand der Ingenieurkammer Th\u00fcringen ist Erfurt.<\/p>\n<p>Die Aufgaben der Ingenieurkammer Th\u00fcringen ergeben sich aus dem Th\u00fcringer Gesetz \u00fcber die Architektenkammer, die Ingenieurkammer und den Schutz von Berufsbezeichnungen (Th\u00fcringer Architekten- und Ingenieurkammergesetz &#8211; Th\u00fcrAIKG) vom 14. Dezember 2016 (GVBl. 2016,\u00a0529).<\/p>\n<p><strong><br \/>\nWesentliche Aufgaben der Kammer sind:<\/strong><\/p>\n<ul class=\"ik\">\n<li>Vertretung der Interessen der Ingenieurinnen und Ingenieure in den politischen Gremien und bei Gesetzesinitiativen<\/li>\n<li>F\u00f6rderung und Wahrung des Ansehens des Berufsstandes<\/li>\n<li>Schutz beruflicher Belange der Gesamtheit der Kammermitglieder<\/li>\n<li>Beratung der Beh\u00f6rden durch Vorschl\u00e4ge und Stellungnahmen<\/li>\n<li>Ingenieure in Fragen der Berufsaus\u00fcbung zu beraten<\/li>\n<li>die berufliche Aus-, Fort- und Weiterbildung ihrer Mitglieder<\/li>\n<li>\u00dcberwachung der Erf\u00fcllung beruflicher Pflichten<\/li>\n<li>die Ingenieurt\u00e4tigkeit zum Wohl der Allgemeinheit und zum Schutz der Umwelt zu f\u00f6rdern<\/li>\n<\/ul>\n<p><strong><br \/>\nMitglieder der Kammer sind freiberufliche oder angestellte Ingenieure:<\/strong><\/p>\n<ul class=\"ik\">\n<li>Beratende Ingenieure<\/li>\n<li>Bauvorlageberechtigte Ingenieure<\/li>\n<li>Freiwillige Mitglieder<\/li>\n<\/ul>\n<p>[\/vc_column_text][\/vc_column_inner][vc_column_inner width=&#8220;1\/4&#8243;][vc_single_image image=&#8220;3479&#8243; img_size=&#8220;large&#8220;]<div id=\"ultimate-heading-91069dff4860fded\" class=\"uvc-heading ult-adjust-bottom-margin ultimate-heading-91069dff4860fded uvc-5047  uvc-heading-default-font-sizes\" data-hspacer=\"no_spacer\"  data-halign=\"left\" style=\"text-align:left\"><div class=\"uvc-heading-spacer no_spacer\" style=\"top\"><\/div><div class=\"uvc-main-heading ult-responsive\"  data-ultimate-target='.uvc-heading.ultimate-heading-91069dff4860fded h2'  data-responsive-json-new='{\"font-size\":\"\",\"line-height\":\"\"}' ><h2 style=\"--font-weight:theme;\">Schnellnavigation<\/h2><\/div><\/div>[vc_separator color=&#8220;custom&#8220; accent_color=&#8220;#005091&#8243;][vc_wp_custommenu nav_menu=&#8220;156&#8243;]<div id=\"ultimate-heading-462869dff4860fe26\" class=\"uvc-heading ult-adjust-bottom-margin ultimate-heading-462869dff4860fe26 uvc-8524  uvc-heading-default-font-sizes\" data-hspacer=\"no_spacer\"  data-halign=\"left\" style=\"text-align:left\"><div class=\"uvc-heading-spacer no_spacer\" style=\"top\"><\/div><div class=\"uvc-main-heading ult-responsive\"  data-ultimate-target='.uvc-heading.ultimate-heading-462869dff4860fe26 h2'  data-responsive-json-new='{\"font-size\":\"\",\"line-height\":\"\"}' ><h2 style=\"--font-weight:theme;\">Mitgliedsbereich<\/h2><\/div><\/div>[vc_separator color=&#8220;custom&#8220; accent_color=&#8220;#005091&#8243;][vc_column_text]<\/p>\n<form action=\"\/login.php\" method=\"POST\"><input style=\"width: 200px;\" name=\"LMitglNr\" type=\"number\" placeholder=\"Identnummer\" aria-label=\"Identnummer\" \/> <input style=\"width: 200px;\" name=\"LPasswort\" type=\"password\" placeholder=\"Passwort\" aria-label=\"Passwort\" \/><\/p>\n<p><button class=\"button default-btn-shortcode dt-btn dt-btn-m\" style=\"padding: 12px 18px 12px 18px !important;\" name=\"submit\" type=\"submit\" aria-label=\"Login\">Login<\/button><a class=\"button default-btn-shortcode dt-btn dt-btn-m margin-left-10\" style=\"padding: 12px 18px 12px 18px !important;\" href=\"\/registrieren\" type=\"submit\" name=\"submit\" aria-label=\"Registrieren\">Registrieren<\/a><\/p>\n<\/form>\n<p>[\/vc_column_text][\/vc_column_inner][\/vc_row_inner][\/vc_column][\/vc_row][vc_row][vc_column][\/vc_column][\/vc_row]<\/p>\n<\/div>","protected":false},"excerpt":{"rendered":"<p>[vc_row type=&#8220;vc_default&#8220;][vc_column][vc_row_inner][vc_column_inner][vc_empty_space][\/vc_column_inner][\/vc_row_inner][vc_row_inner][vc_column_inner width=&#8220;3\/4&#8243;][vc_column_text]Die Ingenieurkammer Th\u00fcringen ist eine K\u00f6rperschaft des \u00f6ffentlichen Rechts. Aufsichtsbeh\u00f6rde ist das Th\u00fcringer Ministerium f\u00fcr Infrastruktur und Landwirtschaft. Gesetzliche Grundlage ihrer T\u00e4tigkeit ist das Th\u00fcringer Gesetz \u00fcber die&hellip;<\/p>\n","protected":false},"author":3,"featured_media":0,"parent":0,"menu_order":0,"comment_status":"closed","ping_status":"closed","template":"","meta":{"_acf_changed":false,"footnotes":""},"class_list":["post-866","page","type-page","status-publish","hentry","description-off"],"acf":[],"yoast_head":"<!-- This site is optimized with the Yoast SEO plugin v26.4 - https:\/\/yoast.com\/wordpress\/plugins\/seo\/ -->\n<title>\u00dcber uns - Ingenieurkammer Th\u00fcringen<\/title>\n<meta name=\"description\" content=\"0\" \/>\n<meta name=\"robots\" content=\"index, follow, max-snippet:-1, max-image-preview:large, max-video-preview:-1\" \/>\n<link rel=\"canonical\" href=\"https:\/\/ikth.de\/startseite\/ueberuns\/\" \/>\n<meta property=\"og:locale\" content=\"de_DE\" \/>\n<meta property=\"og:type\" content=\"article\" \/>\n<meta property=\"og:title\" content=\"\u00dcber uns - Ingenieurkammer Th\u00fcringen\" \/>\n<meta property=\"og:description\" content=\"[vc_row type=&#8220;vc_default&#8220;][vc_column][vc_row_inner][vc_column_inner][vc_empty_space][\/vc_column_inner][\/vc_row_inner][vc_row_inner][vc_column_inner width=&#8220;3\/4&#8243;][vc_column_text]Die Ingenieurkammer Th\u00fcringen ist eine K\u00f6rperschaft des \u00f6ffentlichen Rechts. Aufsichtsbeh\u00f6rde ist das Th\u00fcringer Ministerium f\u00fcr Infrastruktur und Landwirtschaft. Gesetzliche Grundlage ihrer T\u00e4tigkeit ist das Th\u00fcringer Gesetz \u00fcber die&hellip;\" \/>\n<meta property=\"og:url\" content=\"https:\/\/ikth.de\/startseite\/ueberuns\/\" \/>\n<meta property=\"og:site_name\" content=\"Ingenieurkammer Th\u00fcringen\" \/>\n<meta property=\"article:modified_time\" content=\"2026-02-11T14:40:01+00:00\" \/>\n<meta name=\"twitter:card\" content=\"summary_large_image\" \/>\n<meta name=\"twitter:label1\" content=\"Gesch\u00e4tzte Lesezeit\" \/>\n\t<meta name=\"twitter:data1\" content=\"2\u00a0Minuten\" \/>\n<script type=\"application\/ld+json\" class=\"yoast-schema-graph\">{\"@context\":\"https:\/\/schema.org\",\"@graph\":[{\"@type\":\"WebPage\",\"@id\":\"https:\/\/ikth.de\/startseite\/ueberuns\/\",\"url\":\"https:\/\/ikth.de\/startseite\/ueberuns\/\",\"name\":\"\u00dcber uns - Ingenieurkammer Th\u00fcringen\",\"isPartOf\":{\"@id\":\"https:\/\/ikth.de\/startseite\/#website\"},\"datePublished\":\"2021-04-26T16:52:46+00:00\",\"dateModified\":\"2026-02-11T14:40:01+00:00\",\"breadcrumb\":{\"@id\":\"https:\/\/ikth.de\/startseite\/ueberuns\/#breadcrumb\"},\"inLanguage\":\"de\",\"potentialAction\":[{\"@type\":\"ReadAction\",\"target\":[\"https:\/\/ikth.de\/startseite\/ueberuns\/\"]}]},{\"@type\":\"BreadcrumbList\",\"@id\":\"https:\/\/ikth.de\/startseite\/ueberuns\/#breadcrumb\",\"itemListElement\":[{\"@type\":\"ListItem\",\"position\":1,\"name\":\"Startseite\",\"item\":\"https:\/\/ikth.de\/startseite\/\"},{\"@type\":\"ListItem\",\"position\":2,\"name\":\"\u00dcber uns\"}]},{\"@type\":\"WebSite\",\"@id\":\"https:\/\/ikth.de\/startseite\/#website\",\"url\":\"https:\/\/ikth.de\/startseite\/\",\"name\":\"Ingenieurkammer Th\u00fcringen\",\"description\":\"\",\"potentialAction\":[{\"@type\":\"SearchAction\",\"target\":{\"@type\":\"EntryPoint\",\"urlTemplate\":\"https:\/\/ikth.de\/startseite\/?s={search_term_string}\"},\"query-input\":{\"@type\":\"PropertyValueSpecification\",\"valueRequired\":true,\"valueName\":\"search_term_string\"}}],\"inLanguage\":\"de\"}]}<\/script>\n<!-- \/ Yoast SEO plugin. -->","yoast_head_json":{"title":"\u00dcber uns - Ingenieurkammer Th\u00fcringen","robots":{"index":"index","follow":"follow","max-snippet":"max-snippet:-1","max-image-preview":"max-image-preview:large","max-video-preview":"max-video-preview:-1"},"canonical":"https:\/\/ikth.de\/startseite\/ueberuns\/","og_locale":"de_DE","og_type":"article","og_title":"\u00dcber uns - Ingenieurkammer Th\u00fcringen","og_description":"[vc_row type=&#8220;vc_default&#8220;][vc_column][vc_row_inner][vc_column_inner][vc_empty_space][\/vc_column_inner][\/vc_row_inner][vc_row_inner][vc_column_inner width=&#8220;3\/4&#8243;][vc_column_text]Die Ingenieurkammer Th\u00fcringen ist eine K\u00f6rperschaft des \u00f6ffentlichen Rechts. Aufsichtsbeh\u00f6rde ist das Th\u00fcringer Ministerium f\u00fcr Infrastruktur und Landwirtschaft. Gesetzliche Grundlage ihrer T\u00e4tigkeit ist das Th\u00fcringer Gesetz \u00fcber die&hellip;","og_url":"https:\/\/ikth.de\/startseite\/ueberuns\/","og_site_name":"Ingenieurkammer Th\u00fcringen","article_modified_time":"2026-02-11T14:40:01+00:00","twitter_card":"summary_large_image","twitter_misc":{"Gesch\u00e4tzte Lesezeit":"2\u00a0Minuten"},"schema":{"@context":"https:\/\/schema.org","@graph":[{"@type":"WebPage","@id":"https:\/\/ikth.de\/startseite\/ueberuns\/","url":"https:\/\/ikth.de\/startseite\/ueberuns\/","name":"\u00dcber uns - Ingenieurkammer Th\u00fcringen","isPartOf":{"@id":"https:\/\/ikth.de\/startseite\/#website"},"datePublished":"2021-04-26T16:52:46+00:00","dateModified":"2026-02-11T14:40:01+00:00","breadcrumb":{"@id":"https:\/\/ikth.de\/startseite\/ueberuns\/#breadcrumb"},"inLanguage":"de","potentialAction":[{"@type":"ReadAction","target":["https:\/\/ikth.de\/startseite\/ueberuns\/"]}]},{"@type":"BreadcrumbList","@id":"https:\/\/ikth.de\/startseite\/ueberuns\/#breadcrumb","itemListElement":[{"@type":"ListItem","position":1,"name":"Startseite","item":"https:\/\/ikth.de\/startseite\/"},{"@type":"ListItem","position":2,"name":"\u00dcber uns"}]},{"@type":"WebSite","@id":"https:\/\/ikth.de\/startseite\/#website","url":"https:\/\/ikth.de\/startseite\/","name":"Ingenieurkammer Th\u00fcringen","description":"","potentialAction":[{"@type":"SearchAction","target":{"@type":"EntryPoint","urlTemplate":"https:\/\/ikth.de\/startseite\/?s={search_term_string}"},"query-input":{"@type":"PropertyValueSpecification","valueRequired":true,"valueName":"search_term_string"}}],"inLanguage":"de"}]}},"_links":{"self":[{"href":"https:\/\/ikth.de\/startseite\/wp-json\/wp\/v2\/pages\/866","targetHints":{"allow":["GET"]}}],"collection":[{"href":"https:\/\/ikth.de\/startseite\/wp-json\/wp\/v2\/pages"}],"about":[{"href":"https:\/\/ikth.de\/startseite\/wp-json\/wp\/v2\/types\/page"}],"author":[{"embeddable":true,"href":"https:\/\/ikth.de\/startseite\/wp-json\/wp\/v2\/users\/3"}],"replies":[{"embeddable":true,"href":"https:\/\/ikth.de\/startseite\/wp-json\/wp\/v2\/comments?post=866"}],"version-history":[{"count":2,"href":"https:\/\/ikth.de\/startseite\/wp-json\/wp\/v2\/pages\/866\/revisions"}],"predecessor-version":[{"id":9823,"href":"https:\/\/ikth.de\/startseite\/wp-json\/wp\/v2\/pages\/866\/revisions\/9823"}],"wp:attachment":[{"href":"https:\/\/ikth.de\/startseite\/wp-json\/wp\/v2\/media?parent=866"}],"curies":[{"name":"wp","href":"https:\/\/api.w.org\/{rel}","templated":true}]}}