{"id":706,"date":"2021-03-08T13:11:50","date_gmt":"2021-03-08T12:11:50","guid":{"rendered":"https:\/\/ikth.de\/startseite\/?page_id=706"},"modified":"2026-02-11T15:34:25","modified_gmt":"2026-02-11T14:34:25","slug":"vorstand","status":"publish","type":"page","link":"https:\/\/ikth.de\/startseite\/vorstand\/","title":{"rendered":"Vorstand"},"content":{"rendered":"<div class=\"wpb-content-wrapper\"><p>[vc_row type=&#8220;vc_default&#8220;][vc_column]<div id=\"ultimate-heading-57786a08b71933e05\" class=\"uvc-heading ult-adjust-bottom-margin ultimate-heading-57786a08b71933e05 uvc-9021  uvc-heading-default-font-sizes\" data-hspacer=\"no_spacer\"  data-halign=\"left\" style=\"text-align:left\"><div class=\"uvc-heading-spacer no_spacer\" style=\"top\"><\/div><div class=\"uvc-main-heading ult-responsive\"  data-ultimate-target='.uvc-heading.ultimate-heading-57786a08b71933e05 h1'  data-responsive-json-new='{\"font-size\":\"\",\"line-height\":\"\"}' ><h1 style=\"--font-weight:theme;\">Vorstand der Ingenieurkammer Th\u00fcringen<\/h1><\/div><\/div>[vc_empty_space][vc_row_inner][vc_column_inner][vc_column_text]<\/p>\r\n<p>Die Vertreterversammlung der Ingenieurkammer Th\u00fcringen w\u00e4hlt f\u00fcr die Dauer von f\u00fcnf Jahren den Vorstand.<\/p>\r\n<p>[\/vc_column_text][\/vc_column_inner][\/vc_row_inner][vc_separator color=&#8220;custom&#8220; accent_color=&#8220;#005091&#8243;][vc_empty_space][\/vc_column][\/vc_row][vc_row type=&#8220;vc_default&#8220;][vc_column]<style type=\"text\/css\" data-type=\"the7_shortcodes-inline-css\">.dt-team-shortcode.team-masonry-shortcode-id-e88512c8c06a46da0c095c44cb23abaa .team-desc {\n  padding: 20px 20px 20px 20px;\n}\n.dt-team-shortcode.team-masonry-shortcode-id-e88512c8c06a46da0c095c44cb23abaa .team-author-name,\n.dt-team-shortcode.team-masonry-shortcode-id-e88512c8c06a46da0c095c44cb23abaa .team-author-name a {\n  margin-bottom: 0px;\n  font-weight: bold;\n}\n.dt-team-shortcode.team-masonry-shortcode-id-e88512c8c06a46da0c095c44cb23abaa .team-author p {\n  margin-bottom: 10px;\n  font-weight: bold;\n}\n.dt-team-shortcode.team-masonry-shortcode-id-e88512c8c06a46da0c095c44cb23abaa  .team-media {\n  padding: 0px 0px 0px 0px;\n}\n.dt-team-shortcode.team-masonry-shortcode-id-e88512c8c06a46da0c095c44cb23abaa .dt-css-grid .team-media img {\n  max-width: 100%;\n}\n.dt-team-shortcode.team-masonry-shortcode-id-e88512c8c06a46da0c095c44cb23abaa .team-content {\n  margin-bottom: 5px;\n}\n.dt-team-shortcode.team-masonry-shortcode-id-e88512c8c06a46da0c095c44cb23abaa  .team-media,\n.dt-team-shortcode.team-masonry-shortcode-id-e88512c8c06a46da0c095c44cb23abaa  .team-media a.rollover,\n.dt-team-shortcode.team-masonry-shortcode-id-e88512c8c06a46da0c095c44cb23abaa  .team-media a.rollover *,\n.dt-team-shortcode.team-masonry-shortcode-id-e88512c8c06a46da0c095c44cb23abaa  .team-media img {\n  border-radius: 0px;\n}\n.dt-team-shortcode.team-masonry-shortcode-id-e88512c8c06a46da0c095c44cb23abaa .soc-ico {\n  margin-bottom: 15px;\n}\n.dt-team-shortcode.team-masonry-shortcode-id-e88512c8c06a46da0c095c44cb23abaa .soc-ico a {\n  min-width: 26px;\n  min-height: 26px;\n  font-size: 16px;\n  border-radius: 100px;\n}\n.dt-team-shortcode.team-masonry-shortcode-id-e88512c8c06a46da0c095c44cb23abaa .soc-ico a:not(:last-child) {\n  margin-right: 4px;\n}\n.dt-team-shortcode.team-masonry-shortcode-id-e88512c8c06a46da0c095c44cb23abaa .soc-ico a:before,\n.dt-team-shortcode.team-masonry-shortcode-id-e88512c8c06a46da0c095c44cb23abaa .soc-ico a:after {\n  min-width: 26px;\n  min-height: 26px;\n  padding: inherit;\n}\n.dt-icon-border-on.dt-team-shortcode.team-masonry-shortcode-id-e88512c8c06a46da0c095c44cb23abaa .soc-ico a:before {\n  border: 0px solid transparent;\n}\n.dt-team-shortcode.team-masonry-shortcode-id-e88512c8c06a46da0c095c44cb23abaa .soc-ico a:hover {\n  font-size: 16px;\n}\n#page .dt-team-shortcode.team-masonry-shortcode-id-e88512c8c06a46da0c095c44cb23abaa .soc-ico a:hover .soc-font-icon {\n  color: rgba(255,255,255,0.75);\n  background: none;\n}\n.dt-icon-border-hover-on.dt-team-shortcode.team-masonry-shortcode-id-e88512c8c06a46da0c095c44cb23abaa .soc-ico a:after {\n  border: 0px solid transparent;\n}\n#page .dt-team-shortcode.team-masonry-shortcode-id-e88512c8c06a46da0c095c44cb23abaa .soc-ico a:not(:hover) .soc-font-icon {\n  color: #ffffff;\n  background: none;\n}\n.dt-team-shortcode.team-masonry-shortcode-id-e88512c8c06a46da0c095c44cb23abaa .soc-ico a .soc-font-icon {\n  font-size: 16px;\n}\n.dt-team-shortcode.team-masonry-shortcode-id-e88512c8c06a46da0c095c44cb23abaa .filter-bg-decoration .filter-categories a.act {\n  color: #fff;\n}\n.dt-team-shortcode.team-masonry-shortcode-id-e88512c8c06a46da0c095c44cb23abaa:not(.resize-by-browser-width) .dt-css-grid {\n  grid-row-gap: 30px;\n  grid-column-gap: 30px;\n  grid-template-columns: repeat(auto-fill,minmax(,1fr));\n}\n.cssgridlegacy.no-cssgrid .dt-team-shortcode.team-masonry-shortcode-id-e88512c8c06a46da0c095c44cb23abaa:not(.resize-by-browser-width) .dt-css-grid,\n.no-cssgridlegacy.no-cssgrid .dt-team-shortcode.team-masonry-shortcode-id-e88512c8c06a46da0c095c44cb23abaa:not(.resize-by-browser-width) .dt-css-grid {\n  display: flex;\n  flex-flow: row wrap;\n  margin: -15px;\n}\n.cssgridlegacy.no-cssgrid .dt-team-shortcode.team-masonry-shortcode-id-e88512c8c06a46da0c095c44cb23abaa:not(.resize-by-browser-width) .dt-css-grid .wf-cell,\n.no-cssgridlegacy.no-cssgrid .dt-team-shortcode.team-masonry-shortcode-id-e88512c8c06a46da0c095c44cb23abaa:not(.resize-by-browser-width) .dt-css-grid .wf-cell {\n  flex: 1 0 ;\n  max-width: 100%;\n  padding: 15px;\n  box-sizing: border-box;\n}\n.dt-team-shortcode.team-masonry-shortcode-id-e88512c8c06a46da0c095c44cb23abaa.resize-by-browser-width .dt-css-grid {\n  grid-template-columns: repeat(3,1fr);\n  grid-template-rows: auto;\n  grid-column-gap: 30px;\n  grid-row-gap: 30px;\n}\n.cssgridlegacy.no-cssgrid .dt-team-shortcode.team-masonry-shortcode-id-e88512c8c06a46da0c095c44cb23abaa.resize-by-browser-width .dt-css-grid,\n.no-cssgridlegacy.no-cssgrid .dt-team-shortcode.team-masonry-shortcode-id-e88512c8c06a46da0c095c44cb23abaa.resize-by-browser-width .dt-css-grid {\n  margin: -15px;\n}\n.cssgridlegacy.no-cssgrid .dt-team-shortcode.team-masonry-shortcode-id-e88512c8c06a46da0c095c44cb23abaa.resize-by-browser-width .dt-css-grid .wf-cell,\n.no-cssgridlegacy.no-cssgrid .dt-team-shortcode.team-masonry-shortcode-id-e88512c8c06a46da0c095c44cb23abaa.resize-by-browser-width .dt-css-grid .wf-cell {\n  width: 33.3333333333%;\n  padding: 15px;\n}\n@media screen and (max-width: 1199px) {\n  .dt-team-shortcode.team-masonry-shortcode-id-e88512c8c06a46da0c095c44cb23abaa.resize-by-browser-width .dt-css-grid {\n    grid-template-columns: repeat(3,1fr);\n  }\n  .cssgridlegacy.no-cssgrid .dt-team-shortcode.team-masonry-shortcode-id-e88512c8c06a46da0c095c44cb23abaa.resize-by-browser-width .dt-css-grid .wf-cell,\n  .no-cssgridlegacy.no-cssgrid .dt-team-shortcode.team-masonry-shortcode-id-e88512c8c06a46da0c095c44cb23abaa.resize-by-browser-width .dt-css-grid .wf-cell {\n    width: 33.3333333333%;\n  }\n}\n@media screen and (max-width: 991px) {\n  .dt-team-shortcode.team-masonry-shortcode-id-e88512c8c06a46da0c095c44cb23abaa.resize-by-browser-width .dt-css-grid {\n    grid-template-columns: repeat(2,1fr);\n  }\n  .cssgridlegacy.no-cssgrid .dt-team-shortcode.team-masonry-shortcode-id-e88512c8c06a46da0c095c44cb23abaa.resize-by-browser-width .dt-css-grid .wf-cell,\n  .no-cssgridlegacy.no-cssgrid .dt-team-shortcode.team-masonry-shortcode-id-e88512c8c06a46da0c095c44cb23abaa.resize-by-browser-width .dt-css-grid .wf-cell {\n    width: 50%;\n  }\n}\n@media screen and (max-width: 767px) {\n  .dt-team-shortcode.team-masonry-shortcode-id-e88512c8c06a46da0c095c44cb23abaa.resize-by-browser-width .dt-css-grid {\n    grid-template-columns: repeat(1,1fr);\n  }\n  .cssgridlegacy.no-cssgrid .dt-team-shortcode.team-masonry-shortcode-id-e88512c8c06a46da0c095c44cb23abaa.resize-by-browser-width .dt-css-grid .wf-cell,\n  .no-cssgridlegacy.no-cssgrid .dt-team-shortcode.team-masonry-shortcode-id-e88512c8c06a46da0c095c44cb23abaa.resize-by-browser-width .dt-css-grid .wf-cell {\n    width: 100%;\n  }\n}<\/style><div class=\"dt-team-masonry-shortcode dt-team-shortcode team-masonry-shortcode-id-e88512c8c06a46da0c095c44cb23abaa loading-effect-none mode-grid jquery-filter content-align-left content-bg-on dt-css-grid-wrap dt-css-grid-wrap disable-bg-rollover dt-icon-bg-on dt-icon-border-on dt-icon-hover-bg-on dt-icon-border-hover-on move-icons-under-position resize-by-browser-width  \" data-padding=\"15px\" data-cur-page=\"1\" data-post-limit=\"-1\" data-pagination-mode=\"none\" data-desktop-columns-num=\"3\" data-v-tablet-columns-num=\"2\" data-h-tablet-columns-num=\"3\" data-phone-columns-num=\"1\" data-width=\"0px\" data-columns=\"0\"><div class=\"dt-css-grid\" ><div class=\"visible wf-cell\" data-post-id=\"7694\" data-date=\"2021-03-08T09:44:31+01:00\" data-name=\"Wahlperiode 2024 bis 2029\"><div class=\"team-container visible post post-7694 dt_team type-dt_team status-publish has-post-thumbnail hentry dt_team_category-vorstand dt_team_category-39\"><div class=\"team-media\"><span><img loading=\"lazy\" decoding=\"async\" class=\"preload-me aspect\" src=\"https:\/\/ikth.de\/wp-content\/uploads\/2024\/11\/neuer-Vorstand-scaled-e1730491443683-821x548.jpg\" srcset=\"https:\/\/ikth.de\/wp-content\/uploads\/2024\/11\/neuer-Vorstand-scaled-e1730491443683-821x548.jpg 821w\" style=\"--ratio: 821 \/ 548\" sizes=\"auto, (max-width: 821px) 100vw, 821px\" width=\"821\" height=\"548\"  title=\"neuer Vorstand\" alt=\"Vorstand der Wahlperiode 2024 bis 2029\" \/><\/span><\/div><div class=\"team-desc\"><div class=\"team-author\"><div class=\"team-author-name\">Wahlperiode 2024 bis 2029<\/div><\/div><div class=\"team-content\"><\/div><\/div><\/div><\/div><div class=\"visible wf-cell\" data-post-id=\"713\" data-date=\"2021-03-08T14:33:16+01:00\" data-name=\"PR\u00c4SIDENT\"><div class=\"team-container visible post post-713 dt_team type-dt_team status-publish has-post-thumbnail hentry dt_team_category-vorstand dt_team_category-39\"><div class=\"team-media\"><span><img loading=\"lazy\" decoding=\"async\" class=\"preload-me aspect\" src=\"https:\/\/ikth.de\/wp-content\/uploads\/2021\/03\/IngTh_Vorstand_Druck-1-2199x1466.jpg\" srcset=\"https:\/\/ikth.de\/wp-content\/uploads\/2021\/03\/IngTh_Vorstand_Druck-1-2199x1466.jpg 2199w, https:\/\/ikth.de\/wp-content\/uploads\/2021\/03\/IngTh_Vorstand_Druck-1-2200x1466.jpg 2200w\" style=\"--ratio: 2199 \/ 1466\" sizes=\"auto, (max-width: 2199px) 100vw, 2199px\" width=\"2199\" height=\"1466\"  title=\"IngTh_Vorstand_Druck-1\" alt=\"Pr\u00e4sident Dipl.-Ing. Elmar Dr\u00e4ger\" \/><\/span><\/div><div class=\"team-desc\"><div class=\"team-author\"><div class=\"team-author-name\">PR\u00c4SIDENT<\/div><p>Dipl.-Ing. Elmar Dr\u00e4ger<\/p><\/div><div class=\"team-content\"><p><strong>BERATENDER INGENIEUR<br \/>\n<\/strong><\/p>\n<p>Heilbad Heiligenstadt<br \/>\nIngenieur f\u00fcr Geotechnik<\/p>\n<p>&nbsp;<\/p>\n<p><a href=\"https:\/\/ikth.de\/startseite\/ingenieurkammer-thueringen-auf-kurs-fuer-die-zukunft\/\" target=\"_blank\" rel=\"noopener\">Zur Person<\/a><\/p>\n<\/div><\/div><\/div><\/div><div class=\"visible wf-cell\" data-post-id=\"748\" data-date=\"2021-03-23T13:04:17+01:00\" data-name=\"VIZEPR\u00c4SIDENT\"><div class=\"team-container visible post post-748 dt_team type-dt_team status-publish has-post-thumbnail hentry dt_team_category-vorstand dt_team_category-39\"><div class=\"team-media\"><span><img loading=\"lazy\" decoding=\"async\" class=\"preload-me aspect\" src=\"https:\/\/ikth.de\/wp-content\/uploads\/2021\/03\/IngTh_Vorstand_Druck-4-2199x1466.jpg\" srcset=\"https:\/\/ikth.de\/wp-content\/uploads\/2021\/03\/IngTh_Vorstand_Druck-4-2199x1466.jpg 2199w, https:\/\/ikth.de\/wp-content\/uploads\/2021\/03\/IngTh_Vorstand_Druck-4-2200x1466.jpg 2200w\" style=\"--ratio: 2199 \/ 1466\" sizes=\"auto, (max-width: 2199px) 100vw, 2199px\" width=\"2199\" height=\"1466\"  title=\"IngTh_Vorstand_Druck-4\" alt=\"Vizepr\u00e4sident Dipl.-Ing. (TU) Karl-Heinz-Bartl\" \/><\/span><\/div><div class=\"team-desc\"><div class=\"team-author\"><div class=\"team-author-name\">VIZEPR\u00c4SIDENT<\/div><p>Dipl.-Ing. (TU) Karl-Heinz-Bartl<\/p><\/div><div class=\"team-content\"><p><strong>BERATENDER INGENIEUR<br \/>\nBAUVORLAGENBERECHTIGTER INGENIEUR<\/strong><\/p>\n<p>Rudolstadt<br \/>\nIngenieur f\u00fcr Wasserbau<\/p>\n<p>&nbsp;<\/p>\n<p><a href=\"https:\/\/ikth.de\/startseite\/ingenieurkammer-thueringen-auf-kurs-fuer-die-zukunft-2\/\" target=\"_blank\" rel=\"noopener\">Zur Person<\/a><\/p>\n<\/div><\/div><\/div><\/div><div class=\"visible wf-cell\" data-post-id=\"844\" data-date=\"2021-04-26T18:25:37+02:00\" data-name=\"VIZEPR\u00c4SIDENTIN\"><div class=\"team-container visible post post-844 dt_team type-dt_team status-publish has-post-thumbnail hentry dt_team_category-vorstand dt_team_category-39\"><div class=\"team-media\"><span><img loading=\"lazy\" decoding=\"async\" class=\"preload-me aspect\" src=\"https:\/\/ikth.de\/wp-content\/uploads\/2021\/03\/IngTh_Vorstand_Druck-5-2199x1466.jpg\" srcset=\"https:\/\/ikth.de\/wp-content\/uploads\/2021\/03\/IngTh_Vorstand_Druck-5-2199x1466.jpg 2199w, https:\/\/ikth.de\/wp-content\/uploads\/2021\/03\/IngTh_Vorstand_Druck-5-2200x1466.jpg 2200w\" style=\"--ratio: 2199 \/ 1466\" sizes=\"auto, (max-width: 2199px) 100vw, 2199px\" width=\"2199\" height=\"1466\"  title=\"IngTh_Vorstand_Druck-5\" alt=\"Vizepr\u00e4sidentin Dipl.-Geol. Sylvia Reyer-Rohde\" \/><\/span><\/div><div class=\"team-desc\"><div class=\"team-author\"><div class=\"team-author-name\">VIZEPR\u00c4SIDENTIN<\/div><p>Dipl.-Geol. Sylvia Reyer-Rohde<\/p><\/div><div class=\"team-content\"><p><strong>BERATENDE INGENIEURIN<\/strong><br \/>\nErfurt<br \/>\nDiplomgeologin<\/p>\n<p>&nbsp;<\/p>\n<p><a href=\"https:\/\/ikth.de\/startseite\/ingenieurkammer-thueringen-auf-kurs-fuer-die-zukunft-3\/\" target=\"_blank\" rel=\"noopener\">Zur Person<\/a><\/p>\n<\/div><\/div><\/div><\/div><div class=\"visible wf-cell\" data-post-id=\"849\" data-date=\"2021-04-26T18:33:34+02:00\" data-name=\"BEISITZER\"><div class=\"team-container visible post post-849 dt_team type-dt_team status-publish has-post-thumbnail hentry dt_team_category-vorstand dt_team_category-39\"><div class=\"team-media\"><span><img loading=\"lazy\" decoding=\"async\" class=\"preload-me aspect\" src=\"https:\/\/ikth.de\/wp-content\/uploads\/2021\/03\/IngTh_Vorstand_Druck-3-2199x1466.jpg\" srcset=\"https:\/\/ikth.de\/wp-content\/uploads\/2021\/03\/IngTh_Vorstand_Druck-3-2199x1466.jpg 2199w, https:\/\/ikth.de\/wp-content\/uploads\/2021\/03\/IngTh_Vorstand_Druck-3-2200x1466.jpg 2200w\" style=\"--ratio: 2199 \/ 1466\" sizes=\"auto, (max-width: 2199px) 100vw, 2199px\" width=\"2199\" height=\"1466\"  title=\"IngTh_Vorstand_Druck-3\" alt=\"Vorstandsmitglied Dr. -Ing. Marko Bro\u00dfmann\" \/><\/span><\/div><div class=\"team-desc\"><div class=\"team-author\"><div class=\"team-author-name\">BEISITZER<\/div><p>Dr. -Ing. Marko Bro\u00dfmann <\/p><\/div><div class=\"team-content\"><p><strong>BERATENDER INGENIEUR<\/strong><br \/>\nWeimar<br \/>\nBauwesen<\/p>\n<p>&nbsp;<\/p>\n<p><a href=\"https:\/\/ikth.de\/startseite\/ingenieurkammer-thueringen-auf-kurs-fuer-die-zukunft-6\/\" target=\"_blank\" rel=\"noopener\">Zur Person<\/a><\/p>\n<\/div><\/div><\/div><\/div><div class=\"visible wf-cell\" data-post-id=\"853\" data-date=\"2021-04-26T18:35:39+02:00\" data-name=\"BEISITZER\"><div class=\"team-container visible post post-853 dt_team type-dt_team status-publish has-post-thumbnail hentry dt_team_category-vorstand dt_team_category-39\"><div class=\"team-media\"><span><img loading=\"lazy\" decoding=\"async\" class=\"preload-me aspect\" src=\"https:\/\/ikth.de\/wp-content\/uploads\/2021\/03\/IngTh_Vorstand_Druck-6-2199x1466.jpg\" srcset=\"https:\/\/ikth.de\/wp-content\/uploads\/2021\/03\/IngTh_Vorstand_Druck-6-2199x1466.jpg 2199w, https:\/\/ikth.de\/wp-content\/uploads\/2021\/03\/IngTh_Vorstand_Druck-6-2200x1466.jpg 2200w\" style=\"--ratio: 2199 \/ 1466\" sizes=\"auto, (max-width: 2199px) 100vw, 2199px\" width=\"2199\" height=\"1466\"  title=\"IngTh_Vorstand_Druck-6\" alt=\"Vorstandsmitglied Dipl.-Ing. Thomas Haustein\" \/><\/span><\/div><div class=\"team-desc\"><div class=\"team-author\"><div class=\"team-author-name\">BEISITZER<\/div><p>Dipl.-Ing. Thomas Haustein<\/p><\/div><div class=\"team-content\"><p><strong>BERATENDER INGENIEUR<\/strong><br \/>\nHermsdorf<br \/>\nBauwesen<\/p>\n<p>&nbsp;<\/p>\n<p><a href=\"https:\/\/ikth.de\/startseite\/ingenieurkammer-thueringen-auf-kurs-fuer-die-zukunft-4-copy-2\/\" target=\"_blank\" rel=\"noopener\">Zur Person<\/a><\/p>\n<\/div><\/div><\/div><\/div><div class=\"visible wf-cell\" data-post-id=\"856\" data-date=\"2021-04-26T18:37:33+02:00\" data-name=\"BEISITZERIN\"><div class=\"team-container visible post post-856 dt_team type-dt_team status-publish has-post-thumbnail hentry dt_team_category-vorstand dt_team_category-39\"><div class=\"team-media\"><span><img loading=\"lazy\" decoding=\"async\" class=\"preload-me aspect\" src=\"https:\/\/ikth.de\/wp-content\/uploads\/2021\/03\/IngTh_Vorstand_Druck-2-2199x1466.jpg\" srcset=\"https:\/\/ikth.de\/wp-content\/uploads\/2021\/03\/IngTh_Vorstand_Druck-2-2199x1466.jpg 2199w, https:\/\/ikth.de\/wp-content\/uploads\/2021\/03\/IngTh_Vorstand_Druck-2-2200x1466.jpg 2200w\" style=\"--ratio: 2199 \/ 1466\" sizes=\"auto, (max-width: 2199px) 100vw, 2199px\" width=\"2199\" height=\"1466\"  title=\"IngTh_Vorstand_Druck-2\" alt=\"Vorstandsmitglied Dipl.-Ing. Architektin Tina Kaiser\" \/><\/span><\/div><div class=\"team-desc\"><div class=\"team-author\"><div class=\"team-author-name\">BEISITZERIN<\/div><p>Dipl.-Ing. Architektin Tina Kaiser<\/p><\/div><div class=\"team-content\"><p><strong>FREIWILLIGES MITGLIED<\/strong><br \/>\nApolda<br \/>\nArchitektur<\/p>\n<p>&nbsp;<\/p>\n<p><a href=\"https:\/\/ikth.de\/startseite\/ingenieurkammer-thueringen-auf-kurs-fuer-die-zukunft-4\/\" target=\"_blank\" rel=\"noopener\">Zur Person<\/a><\/p>\n<\/div><\/div><\/div><\/div><div class=\"visible wf-cell\" data-post-id=\"857\" data-date=\"2021-04-26T18:39:27+02:00\" data-name=\"BEISITZER\"><div class=\"team-container visible post post-857 dt_team type-dt_team status-publish has-post-thumbnail hentry dt_team_category-vorstand dt_team_category-39\"><div class=\"team-media\"><span><img loading=\"lazy\" decoding=\"async\" class=\"preload-me aspect\" src=\"https:\/\/ikth.de\/wp-content\/uploads\/2021\/03\/IngTh_Vorstand_Druck-7-2199x1466.jpg\" srcset=\"https:\/\/ikth.de\/wp-content\/uploads\/2021\/03\/IngTh_Vorstand_Druck-7-2199x1466.jpg 2199w, https:\/\/ikth.de\/wp-content\/uploads\/2021\/03\/IngTh_Vorstand_Druck-7-2200x1466.jpg 2200w\" style=\"--ratio: 2199 \/ 1466\" sizes=\"auto, (max-width: 2199px) 100vw, 2199px\" width=\"2199\" height=\"1466\"  title=\"IngTh_Vorstand_Druck-7\" alt=\"Vorstandsmitglied Prof. Dr.-Ing. Holger Schmidt\" \/><\/span><\/div><div class=\"team-desc\"><div class=\"team-author\"><div class=\"team-author-name\">BEISITZER<\/div><p>Prof. Dr.-Ing. Holger Schmidt<\/p><\/div><div class=\"team-content\"><p><strong>FREIWILLIGES MITGLIED<\/strong><br \/>\nJena<br \/>\nBauwesen<\/p>\n<p>&nbsp;<\/p>\n<p><a href=\"https:\/\/ikth.de\/startseite\/ingenieurkammer-thueringen-auf-kurs-fuer-die-zukunft-5\/\" target=\"_blank\" rel=\"noopener\">Zur Person<\/a><\/p>\n<\/div><\/div><\/div><\/div><div class=\"visible wf-cell\" data-post-id=\"858\" data-date=\"2021-04-26T18:40:23+02:00\" data-name=\"EHRENPR\u00c4SIDENT\"><div class=\"team-container visible post post-858 dt_team type-dt_team status-publish hentry dt_team_category-vorstand dt_team_category-39 no-img\"><div class=\"team-desc\"><div class=\"team-author\"><div class=\"team-author-name\">EHRENPR\u00c4SIDENT<\/div><p>Prof. Dr.-Ing. habil. Hans-Ulrich M\u00f6nnig<\/p><\/div><div class=\"team-content\"><p><strong>FREIWILLIGES MITGLIED<\/strong><\/p>\n<p>Weimar<\/p>\n<\/div><\/div><\/div><\/div><\/div><!-- iso-container|iso-grid --><\/div>[\/vc_column][\/vc_row][vc_row][vc_column][vc_column_text]<\/p>\r\n<p>[\/vc_column_text][\/vc_column][\/vc_row]<\/p><\/div>","protected":false},"excerpt":{"rendered":"<p>[vc_row type=&#8220;vc_default&#8220;][vc_column][vc_empty_space][vc_row_inner][vc_column_inner][vc_column_text] Die Vertreterversammlung der Ingenieurkammer Th\u00fcringen w\u00e4hlt f\u00fcr die Dauer von f\u00fcnf Jahren den Vorstand. [\/vc_column_text][\/vc_column_inner][\/vc_row_inner][vc_separator color=&#8220;custom&#8220; accent_color=&#8220;#005091&#8243;][vc_empty_space][\/vc_column][\/vc_row][vc_row type=&#8220;vc_default&#8220;][vc_column][\/vc_column][\/vc_row][vc_row][vc_column][vc_column_text] [\/vc_column_text][\/vc_column][\/vc_row]<\/p>\n","protected":false},"author":3,"featured_media":0,"parent":0,"menu_order":0,"comment_status":"closed","ping_status":"closed","template":"","meta":{"_acf_changed":false,"footnotes":""},"class_list":["post-706","page","type-page","status-publish","hentry","description-off"],"acf":[],"yoast_head":"<!-- This site is optimized with the Yoast SEO plugin v26.4 - https:\/\/yoast.com\/wordpress\/plugins\/seo\/ -->\n<title>Vorstand - Ingenieurkammer Th\u00fcringen<\/title>\n<meta name=\"description\" content=\"0\" \/>\n<meta name=\"robots\" content=\"index, follow, max-snippet:-1, max-image-preview:large, max-video-preview:-1\" \/>\n<link rel=\"canonical\" href=\"https:\/\/ikth.de\/startseite\/vorstand\/\" \/>\n<meta property=\"og:locale\" content=\"de_DE\" \/>\n<meta property=\"og:type\" content=\"article\" \/>\n<meta property=\"og:title\" content=\"Vorstand - Ingenieurkammer Th\u00fcringen\" \/>\n<meta property=\"og:description\" content=\"[vc_row type=&#8220;vc_default&#8220;][vc_column][vc_empty_space][vc_row_inner][vc_column_inner][vc_column_text] Die Vertreterversammlung der Ingenieurkammer Th\u00fcringen w\u00e4hlt f\u00fcr die Dauer von f\u00fcnf Jahren den Vorstand. [\/vc_column_text][\/vc_column_inner][\/vc_row_inner][vc_separator color=&#8220;custom&#8220; accent_color=&#8220;#005091&#8243;][vc_empty_space][\/vc_column][\/vc_row][vc_row type=&#8220;vc_default&#8220;][vc_column][\/vc_column][\/vc_row][vc_row][vc_column][vc_column_text] [\/vc_column_text][\/vc_column][\/vc_row]\" \/>\n<meta property=\"og:url\" content=\"https:\/\/ikth.de\/startseite\/vorstand\/\" \/>\n<meta property=\"og:site_name\" content=\"Ingenieurkammer Th\u00fcringen\" \/>\n<meta property=\"article:modified_time\" content=\"2026-02-11T14:34:25+00:00\" \/>\n<meta name=\"twitter:card\" content=\"summary_large_image\" \/>\n<meta name=\"twitter:label1\" content=\"Gesch\u00e4tzte Lesezeit\" \/>\n\t<meta name=\"twitter:data1\" content=\"1\u00a0Minute\" \/>\n<script type=\"application\/ld+json\" class=\"yoast-schema-graph\">{\"@context\":\"https:\/\/schema.org\",\"@graph\":[{\"@type\":\"WebPage\",\"@id\":\"https:\/\/ikth.de\/startseite\/vorstand\/\",\"url\":\"https:\/\/ikth.de\/startseite\/vorstand\/\",\"name\":\"Vorstand - Ingenieurkammer Th\u00fcringen\",\"isPartOf\":{\"@id\":\"https:\/\/ikth.de\/startseite\/#website\"},\"datePublished\":\"2021-03-08T12:11:50+00:00\",\"dateModified\":\"2026-02-11T14:34:25+00:00\",\"breadcrumb\":{\"@id\":\"https:\/\/ikth.de\/startseite\/vorstand\/#breadcrumb\"},\"inLanguage\":\"de\",\"potentialAction\":[{\"@type\":\"ReadAction\",\"target\":[\"https:\/\/ikth.de\/startseite\/vorstand\/\"]}]},{\"@type\":\"BreadcrumbList\",\"@id\":\"https:\/\/ikth.de\/startseite\/vorstand\/#breadcrumb\",\"itemListElement\":[{\"@type\":\"ListItem\",\"position\":1,\"name\":\"Startseite\",\"item\":\"https:\/\/ikth.de\/startseite\/\"},{\"@type\":\"ListItem\",\"position\":2,\"name\":\"Vorstand\"}]},{\"@type\":\"WebSite\",\"@id\":\"https:\/\/ikth.de\/startseite\/#website\",\"url\":\"https:\/\/ikth.de\/startseite\/\",\"name\":\"Ingenieurkammer Th\u00fcringen\",\"description\":\"\",\"potentialAction\":[{\"@type\":\"SearchAction\",\"target\":{\"@type\":\"EntryPoint\",\"urlTemplate\":\"https:\/\/ikth.de\/startseite\/?s={search_term_string}\"},\"query-input\":{\"@type\":\"PropertyValueSpecification\",\"valueRequired\":true,\"valueName\":\"search_term_string\"}}],\"inLanguage\":\"de\"}]}<\/script>\n<!-- \/ Yoast SEO plugin. -->","yoast_head_json":{"title":"Vorstand - Ingenieurkammer Th\u00fcringen","robots":{"index":"index","follow":"follow","max-snippet":"max-snippet:-1","max-image-preview":"max-image-preview:large","max-video-preview":"max-video-preview:-1"},"canonical":"https:\/\/ikth.de\/startseite\/vorstand\/","og_locale":"de_DE","og_type":"article","og_title":"Vorstand - Ingenieurkammer Th\u00fcringen","og_description":"[vc_row type=&#8220;vc_default&#8220;][vc_column][vc_empty_space][vc_row_inner][vc_column_inner][vc_column_text] Die Vertreterversammlung der Ingenieurkammer Th\u00fcringen w\u00e4hlt f\u00fcr die Dauer von f\u00fcnf Jahren den Vorstand. [\/vc_column_text][\/vc_column_inner][\/vc_row_inner][vc_separator color=&#8220;custom&#8220; accent_color=&#8220;#005091&#8243;][vc_empty_space][\/vc_column][\/vc_row][vc_row type=&#8220;vc_default&#8220;][vc_column][\/vc_column][\/vc_row][vc_row][vc_column][vc_column_text] [\/vc_column_text][\/vc_column][\/vc_row]","og_url":"https:\/\/ikth.de\/startseite\/vorstand\/","og_site_name":"Ingenieurkammer Th\u00fcringen","article_modified_time":"2026-02-11T14:34:25+00:00","twitter_card":"summary_large_image","twitter_misc":{"Gesch\u00e4tzte Lesezeit":"1\u00a0Minute"},"schema":{"@context":"https:\/\/schema.org","@graph":[{"@type":"WebPage","@id":"https:\/\/ikth.de\/startseite\/vorstand\/","url":"https:\/\/ikth.de\/startseite\/vorstand\/","name":"Vorstand - Ingenieurkammer Th\u00fcringen","isPartOf":{"@id":"https:\/\/ikth.de\/startseite\/#website"},"datePublished":"2021-03-08T12:11:50+00:00","dateModified":"2026-02-11T14:34:25+00:00","breadcrumb":{"@id":"https:\/\/ikth.de\/startseite\/vorstand\/#breadcrumb"},"inLanguage":"de","potentialAction":[{"@type":"ReadAction","target":["https:\/\/ikth.de\/startseite\/vorstand\/"]}]},{"@type":"BreadcrumbList","@id":"https:\/\/ikth.de\/startseite\/vorstand\/#breadcrumb","itemListElement":[{"@type":"ListItem","position":1,"name":"Startseite","item":"https:\/\/ikth.de\/startseite\/"},{"@type":"ListItem","position":2,"name":"Vorstand"}]},{"@type":"WebSite","@id":"https:\/\/ikth.de\/startseite\/#website","url":"https:\/\/ikth.de\/startseite\/","name":"Ingenieurkammer Th\u00fcringen","description":"","potentialAction":[{"@type":"SearchAction","target":{"@type":"EntryPoint","urlTemplate":"https:\/\/ikth.de\/startseite\/?s={search_term_string}"},"query-input":{"@type":"PropertyValueSpecification","valueRequired":true,"valueName":"search_term_string"}}],"inLanguage":"de"}]}},"_links":{"self":[{"href":"https:\/\/ikth.de\/startseite\/wp-json\/wp\/v2\/pages\/706","targetHints":{"allow":["GET"]}}],"collection":[{"href":"https:\/\/ikth.de\/startseite\/wp-json\/wp\/v2\/pages"}],"about":[{"href":"https:\/\/ikth.de\/startseite\/wp-json\/wp\/v2\/types\/page"}],"author":[{"embeddable":true,"href":"https:\/\/ikth.de\/startseite\/wp-json\/wp\/v2\/users\/3"}],"replies":[{"embeddable":true,"href":"https:\/\/ikth.de\/startseite\/wp-json\/wp\/v2\/comments?post=706"}],"version-history":[{"count":3,"href":"https:\/\/ikth.de\/startseite\/wp-json\/wp\/v2\/pages\/706\/revisions"}],"predecessor-version":[{"id":9820,"href":"https:\/\/ikth.de\/startseite\/wp-json\/wp\/v2\/pages\/706\/revisions\/9820"}],"wp:attachment":[{"href":"https:\/\/ikth.de\/startseite\/wp-json\/wp\/v2\/media?parent=706"}],"curies":[{"name":"wp","href":"https:\/\/api.w.org\/{rel}","templated":true}]}}