{"id":482,"date":"2021-02-28T09:40:54","date_gmt":"2021-02-28T08:40:54","guid":{"rendered":"https:\/\/ikth.de\/startseite\/startseite-copy\/"},"modified":"2026-02-23T10:09:55","modified_gmt":"2026-02-23T09:09:55","slug":"nachwuchs","status":"publish","type":"page","link":"https:\/\/ikth.de\/startseite\/nachwuchs\/","title":{"rendered":"Nachwuchs"},"content":{"rendered":"<div class=\"wpb-content-wrapper\"><p>[vc_row type=&#8220;vc_default&#8220;][vc_column]<div id=\"ultimate-heading-112769d9123ae3c71\" class=\"uvc-heading ult-adjust-bottom-margin ultimate-heading-112769d9123ae3c71 uvc-2369  uvc-heading-default-font-sizes\" data-hspacer=\"no_spacer\"  data-halign=\"left\" style=\"text-align:left\"><div class=\"uvc-heading-spacer no_spacer\" style=\"top\"><\/div><div class=\"uvc-main-heading ult-responsive\"  data-ultimate-target='.uvc-heading.ultimate-heading-112769d9123ae3c71 h1'  data-responsive-json-new='{\"font-size\":\"\",\"line-height\":\"\"}' ><h1 style=\"--font-weight:theme;\">Nachwuchs f\u00f6rdern! Denn ohne Nachwuchs gibt es keine Zukunft.<\/h1><\/div><\/div>[vc_empty_space height=&#8220;30px&#8220;][vc_row_inner][vc_column_inner width=&#8220;1\/2&#8243;][vc_column_text]Zur Qualit\u00e4tssicherung von Ingenieurleistungen, zur Nachwuchsf\u00f6rderung und zur Verbesserung der Kooperation zwischen allen Beteiligten, setzt die Ingenieurkammer Th\u00fcringen auf ein kooperatives Netzwerk zwischen den Bereichen der Wissenschaft und der Wirtschaft, der Gesellschaft und der Politik.<\/p>\n<p>Neben Qualit\u00e4tsgesichtspunkten darf auch der demografische Faktor nicht vergessen werden. Im Bereich der Nachwuchsf\u00f6rderung k\u00f6nnen wir auf eine ganze Reihe von erfolgreichen Projekten und Themen blicken, die auf die F\u00f6rderung von jungen Menschen zielt.<\/p>\n<p>Neben dem Sch\u00fclerwettbewerb in Kooperation mit der Fachhochschule Erfurt, welcher bereits seit 2010 regelm\u00e4\u00dfig durchgef\u00fchrt wird, beteiligt sich die Ingenieurkammer Th\u00fcringen seit 2015 am Sch\u00fclerwettbewerb. Ebenfalls erfolgt die Unterst\u00fctzung von diversen weiteren Aktivit\u00e4ten, rund um die F\u00f6rderung des Ingenieurnachwuchses.<\/p>\n<p>Im studentischen Bereich die Ingenieurkammer mit Hochschulen zusammen. Auch die Praktikumsb\u00f6rse der FH Erfurt wird unterst\u00fctzt..<span class=\"Apple-converted-space\">\u00a0<\/span><\/p>\n<p>Hier finden Sie weitere Informationen zu den <a href=\"https:\/\/ikth.de\/startseite\/schuelerwettbewerbe\/\">Sch\u00fclerwettbewerben<\/a> und zum <a href=\"https:\/\/ikth.de\/startseite\/duales-studium-bauigenieurwesen\/\">Dualen Studium Bauingenieurwesen<\/a>.[\/vc_column_text][\/vc_column_inner][vc_column_inner width=&#8220;1\/2&#8243;][vc_single_image image=&#8220;508&#8243; img_size=&#8220;full&#8220; alignment=&#8220;center&#8220;][\/vc_column_inner][\/vc_row_inner][\/vc_column][\/vc_row][vc_row type=&#8220;vc_default&#8220; full_width=&#8220;stretch_row&#8220; bg_type=&#8220;image&#8220; parallax_style=&#8220;vcpb-default&#8220; bg_image_repeat=&#8220;no-repeat&#8220; css=&#8220;.vc_custom_1614592796453{background-image: url(https:\/\/ikth.de\/wp-content\/uploads\/2021\/02\/hintergrund_newsletter.png?id=116) !important;}&#8220;][vc_column width=&#8220;1\/6&#8243;][vc_empty_space height=&#8220;15px&#8220;][vc_single_image image=&#8220;513&#8243; img_size=&#8220;80&#215;80&#8243; alignment=&#8220;right&#8220;][\/vc_column][vc_column width=&#8220;2\/3&#8243;][vc_empty_space height=&#8220;20px&#8220;]<div id=\"ultimate-heading-251269d9123ae3ce0\" class=\"uvc-heading ult-adjust-bottom-margin ultimate-heading-251269d9123ae3ce0 uvc-918 \" data-hspacer=\"no_spacer\"  data-halign=\"left\" style=\"text-align:left\"><div class=\"uvc-heading-spacer no_spacer\" style=\"top\"><\/div><div class=\"uvc-main-heading ult-responsive\"  data-ultimate-target='.uvc-heading.ultimate-heading-251269d9123ae3ce0 h2'  data-responsive-json-new='{\"font-size\":\"desktop:42px;\",\"line-height\":\"\"}' ><h2 style=\"font-family:&#039;Roboto Slab&#039;;font-style:italic;font-weight:300;color:#ffffff;\">Werden Sie Mitglied bei uns &gt;&gt;<\/h2><\/div><\/div>[vc_empty_space height=&#8220;30px&#8220;][\/vc_column][vc_column width=&#8220;1\/6&#8243;][\/vc_column][\/vc_row]<\/p>\n<\/div>","protected":false},"excerpt":{"rendered":"<p>[vc_row type=&#8220;vc_default&#8220;][vc_column][vc_empty_space height=&#8220;30px&#8220;][vc_row_inner][vc_column_inner width=&#8220;1\/2&#8243;][vc_column_text]Zur Qualit\u00e4tssicherung von Ingenieurleistungen, zur Nachwuchsf\u00f6rderung und zur Verbesserung der Kooperation zwischen allen Beteiligten, setzt die Ingenieurkammer Th\u00fcringen auf ein kooperatives Netzwerk zwischen den Bereichen der Wissenschaft&hellip;<\/p>\n","protected":false},"author":3,"featured_media":0,"parent":0,"menu_order":0,"comment_status":"closed","ping_status":"closed","template":"","meta":{"_acf_changed":false,"footnotes":""},"class_list":["post-482","page","type-page","status-publish","hentry","description-off"],"acf":[],"yoast_head":"<!-- This site is optimized with the Yoast SEO plugin v26.4 - https:\/\/yoast.com\/wordpress\/plugins\/seo\/ -->\n<title>Nachwuchs - Ingenieurkammer Th\u00fcringen<\/title>\n<meta name=\"description\" content=\"0\" \/>\n<meta name=\"robots\" content=\"index, follow, max-snippet:-1, max-image-preview:large, max-video-preview:-1\" \/>\n<link rel=\"canonical\" href=\"https:\/\/ikth.de\/startseite\/nachwuchs\/\" \/>\n<meta property=\"og:locale\" content=\"de_DE\" \/>\n<meta property=\"og:type\" content=\"article\" \/>\n<meta property=\"og:title\" content=\"Nachwuchs - Ingenieurkammer Th\u00fcringen\" \/>\n<meta property=\"og:description\" content=\"[vc_row type=&#8220;vc_default&#8220;][vc_column][vc_empty_space height=&#8220;30px&#8220;][vc_row_inner][vc_column_inner width=&#8220;1\/2&#8243;][vc_column_text]Zur Qualit\u00e4tssicherung von Ingenieurleistungen, zur Nachwuchsf\u00f6rderung und zur Verbesserung der Kooperation zwischen allen Beteiligten, setzt die Ingenieurkammer Th\u00fcringen auf ein kooperatives Netzwerk zwischen den Bereichen der Wissenschaft&hellip;\" \/>\n<meta property=\"og:url\" content=\"https:\/\/ikth.de\/startseite\/nachwuchs\/\" \/>\n<meta property=\"og:site_name\" content=\"Ingenieurkammer Th\u00fcringen\" \/>\n<meta property=\"article:modified_time\" content=\"2026-02-23T09:09:55+00:00\" \/>\n<meta name=\"twitter:card\" content=\"summary_large_image\" \/>\n<meta name=\"twitter:label1\" content=\"Gesch\u00e4tzte Lesezeit\" \/>\n\t<meta name=\"twitter:data1\" content=\"2\u00a0Minuten\" \/>\n<script type=\"application\/ld+json\" class=\"yoast-schema-graph\">{\"@context\":\"https:\/\/schema.org\",\"@graph\":[{\"@type\":\"WebPage\",\"@id\":\"https:\/\/ikth.de\/startseite\/nachwuchs\/\",\"url\":\"https:\/\/ikth.de\/startseite\/nachwuchs\/\",\"name\":\"Nachwuchs - Ingenieurkammer Th\u00fcringen\",\"isPartOf\":{\"@id\":\"https:\/\/ikth.de\/startseite\/#website\"},\"datePublished\":\"2021-02-28T08:40:54+00:00\",\"dateModified\":\"2026-02-23T09:09:55+00:00\",\"breadcrumb\":{\"@id\":\"https:\/\/ikth.de\/startseite\/nachwuchs\/#breadcrumb\"},\"inLanguage\":\"de\",\"potentialAction\":[{\"@type\":\"ReadAction\",\"target\":[\"https:\/\/ikth.de\/startseite\/nachwuchs\/\"]}]},{\"@type\":\"BreadcrumbList\",\"@id\":\"https:\/\/ikth.de\/startseite\/nachwuchs\/#breadcrumb\",\"itemListElement\":[{\"@type\":\"ListItem\",\"position\":1,\"name\":\"Startseite\",\"item\":\"https:\/\/ikth.de\/startseite\/\"},{\"@type\":\"ListItem\",\"position\":2,\"name\":\"Nachwuchs\"}]},{\"@type\":\"WebSite\",\"@id\":\"https:\/\/ikth.de\/startseite\/#website\",\"url\":\"https:\/\/ikth.de\/startseite\/\",\"name\":\"Ingenieurkammer Th\u00fcringen\",\"description\":\"\",\"potentialAction\":[{\"@type\":\"SearchAction\",\"target\":{\"@type\":\"EntryPoint\",\"urlTemplate\":\"https:\/\/ikth.de\/startseite\/?s={search_term_string}\"},\"query-input\":{\"@type\":\"PropertyValueSpecification\",\"valueRequired\":true,\"valueName\":\"search_term_string\"}}],\"inLanguage\":\"de\"}]}<\/script>\n<!-- \/ Yoast SEO plugin. -->","yoast_head_json":{"title":"Nachwuchs - Ingenieurkammer Th\u00fcringen","robots":{"index":"index","follow":"follow","max-snippet":"max-snippet:-1","max-image-preview":"max-image-preview:large","max-video-preview":"max-video-preview:-1"},"canonical":"https:\/\/ikth.de\/startseite\/nachwuchs\/","og_locale":"de_DE","og_type":"article","og_title":"Nachwuchs - Ingenieurkammer Th\u00fcringen","og_description":"[vc_row type=&#8220;vc_default&#8220;][vc_column][vc_empty_space height=&#8220;30px&#8220;][vc_row_inner][vc_column_inner width=&#8220;1\/2&#8243;][vc_column_text]Zur Qualit\u00e4tssicherung von Ingenieurleistungen, zur Nachwuchsf\u00f6rderung und zur Verbesserung der Kooperation zwischen allen Beteiligten, setzt die Ingenieurkammer Th\u00fcringen auf ein kooperatives Netzwerk zwischen den Bereichen der Wissenschaft&hellip;","og_url":"https:\/\/ikth.de\/startseite\/nachwuchs\/","og_site_name":"Ingenieurkammer Th\u00fcringen","article_modified_time":"2026-02-23T09:09:55+00:00","twitter_card":"summary_large_image","twitter_misc":{"Gesch\u00e4tzte Lesezeit":"2\u00a0Minuten"},"schema":{"@context":"https:\/\/schema.org","@graph":[{"@type":"WebPage","@id":"https:\/\/ikth.de\/startseite\/nachwuchs\/","url":"https:\/\/ikth.de\/startseite\/nachwuchs\/","name":"Nachwuchs - Ingenieurkammer Th\u00fcringen","isPartOf":{"@id":"https:\/\/ikth.de\/startseite\/#website"},"datePublished":"2021-02-28T08:40:54+00:00","dateModified":"2026-02-23T09:09:55+00:00","breadcrumb":{"@id":"https:\/\/ikth.de\/startseite\/nachwuchs\/#breadcrumb"},"inLanguage":"de","potentialAction":[{"@type":"ReadAction","target":["https:\/\/ikth.de\/startseite\/nachwuchs\/"]}]},{"@type":"BreadcrumbList","@id":"https:\/\/ikth.de\/startseite\/nachwuchs\/#breadcrumb","itemListElement":[{"@type":"ListItem","position":1,"name":"Startseite","item":"https:\/\/ikth.de\/startseite\/"},{"@type":"ListItem","position":2,"name":"Nachwuchs"}]},{"@type":"WebSite","@id":"https:\/\/ikth.de\/startseite\/#website","url":"https:\/\/ikth.de\/startseite\/","name":"Ingenieurkammer Th\u00fcringen","description":"","potentialAction":[{"@type":"SearchAction","target":{"@type":"EntryPoint","urlTemplate":"https:\/\/ikth.de\/startseite\/?s={search_term_string}"},"query-input":{"@type":"PropertyValueSpecification","valueRequired":true,"valueName":"search_term_string"}}],"inLanguage":"de"}]}},"_links":{"self":[{"href":"https:\/\/ikth.de\/startseite\/wp-json\/wp\/v2\/pages\/482","targetHints":{"allow":["GET"]}}],"collection":[{"href":"https:\/\/ikth.de\/startseite\/wp-json\/wp\/v2\/pages"}],"about":[{"href":"https:\/\/ikth.de\/startseite\/wp-json\/wp\/v2\/types\/page"}],"author":[{"embeddable":true,"href":"https:\/\/ikth.de\/startseite\/wp-json\/wp\/v2\/users\/3"}],"replies":[{"embeddable":true,"href":"https:\/\/ikth.de\/startseite\/wp-json\/wp\/v2\/comments?post=482"}],"version-history":[{"count":2,"href":"https:\/\/ikth.de\/startseite\/wp-json\/wp\/v2\/pages\/482\/revisions"}],"predecessor-version":[{"id":9865,"href":"https:\/\/ikth.de\/startseite\/wp-json\/wp\/v2\/pages\/482\/revisions\/9865"}],"wp:attachment":[{"href":"https:\/\/ikth.de\/startseite\/wp-json\/wp\/v2\/media?parent=482"}],"curies":[{"name":"wp","href":"https:\/\/api.w.org\/{rel}","templated":true}]}}