{"id":2959,"date":"2021-09-15T10:52:58","date_gmt":"2021-09-15T08:52:58","guid":{"rendered":"https:\/\/ikth.de\/startseite\/?page_id=2959"},"modified":"2026-03-03T15:07:23","modified_gmt":"2026-03-03T14:07:23","slug":"impressum","status":"publish","type":"page","link":"https:\/\/ikth.de\/startseite\/impressum\/","title":{"rendered":"Impressum"},"content":{"rendered":"<div class=\"wpb-content-wrapper\"><p>[vc_row][vc_column][vc_column_text css=&#8220;&#8220;]<\/p>\n<h3>Hinweise gem\u00e4\u00df \u00a7 5 Digitale-Dienste-Gesetz (DDG)<\/h3>\n<h3>Herausgeber:<\/h3>\n<p class=\"fl\">Ingenieurkammer Th\u00fcringen<br \/>\nK\u00f6rperschaft \u00f6ffentlichen Rechts<br \/>\nGustav-Freytag-Str. 1<br \/>\n99096 Erfurt<\/p>\n<p>Telefon: +49 361 22873 &#8211; 0<br \/>\nTelefax: +49 361 22873 &#8211; 50<br \/>\nE-Mail: <span id=\"cloak6024542d65fde819ca8f8b25d2020439\"><a href=\"mailto:info@ikth.de\">info@ikth.de<\/a><\/span><\/p>\n<h3>Vertretungsberechtigt:<\/h3>\n<p>Pr\u00e4sident Diplom-Ingenieur Elmar Dr\u00e4ger<\/p>\n<p>vertreten durch Frau Diplom-Ingenieur Architektin Tina Kaiser<\/p>\n<h3>Verantwortlichkeit f\u00fcr den Inhalt:<\/h3>\n<p>Herr Dipl.-Ing. Elmar Dr\u00e4ger, Pr\u00e4sident<br \/>\nvertreten durch VM Dipl.-Ing. Architektin Tina Kaiser<\/p>\n<h3>Zust\u00e4ndige Aufsichtsbeh\u00f6rde:<\/h3>\n<p>Th\u00fcringer Ministerium f\u00fcr Wirtschaft, Landwirtschaft und L\u00e4ndlichen Raum<br \/>\nWerner-Seelenbinder-Stra\u00dfe 8<br \/>\n99096 Erfurt<\/p>\n<h3>Unterliegende Rechtsordnungen:<\/h3>\n<p>Th\u00fcringer Gesetz \u00fcber die Architektenkammer, die Ingenieurkammer und den Schutz von Berufsbezeichnungen (Th\u00fcringer Architekten- und Ingenieurkammergesetz &#8211; Th\u00fcrAIKG) vom 14. Dezember 2016 (GVBl. 2016, 529), zuletzt aktualisiert am 23.07.2020.<\/p>\n<h3>1. Haftung f\u00fcr Inhalte<\/h3>\n<p>Die Inhalte unserer Seiten wurden mit gr\u00f6\u00dfter Sorgfalt erstellt. F\u00fcr die Richtigkeit, Vollst\u00e4ndigkeit und Aktualit\u00e4t der Inhalte k\u00f6nnen wir jedoch keine Gew\u00e4hr \u00fcbernehmen. Als Diensteanbieter sind wir gem\u00e4\u00df \u00a7 7 Abs.1 DDG f\u00fcr eigene Inhalte auf diesen Seiten nach den allgemeinen Gesetzen verantwortlich. Nach \u00a7\u00a7 8 bis 10 DDG sind wir als Diensteanbieter jedoch nicht verpflichtet, \u00fcbermittelte oder gespeicherte fremde Informationen zu \u00fcberwachen oder nach Umst\u00e4nden zu forschen, die auf eine rechtswidrige T\u00e4tigkeit hinweisen. Verpflichtungen zur Entfernung oder Sperrung der Nutzung von Informationen nach den allgemeinen Gesetzen bleiben hiervon unber\u00fchrt. Eine diesbez\u00fcgliche Haftung ist jedoch erst ab dem Zeitpunkt der Kenntnis einer konkreten Rechtsverletzung m\u00f6glich. Bei Bekanntwerden von entsprechenden Rechtsverletzungen werden wir diese Inhalte umgehend entfernen.<\/p>\n<h3>2. Haftung f\u00fcr Links<\/h3>\n<p>Unser Angebot enth\u00e4lt Links zu externen Webseiten Dritter, auf deren Inhalte wir keinen Einfluss haben. Deshalb k\u00f6nnen wir f\u00fcr diese fremden Inhalte auch keine Gew\u00e4hr \u00fcbernehmen. F\u00fcr die Inhalte der verlinkten Seiten ist stets der jeweilige Anbieter oder Betreiber der Seiten verantwortlich. Deren Inhalte machen wir uns ausdr\u00fccklich nicht zu Eigen. Die verlinkten Seiten wurden zum Zeitpunkt der Verlinkung auf m\u00f6gliche Rechtsverst\u00f6\u00dfe \u00fcberpr\u00fcft. Rechtswidrige Inhalte waren zum Zeitpunkt der Verlinkung nicht erkennbar. Eine permanente inhaltliche Kontrolle der verlinkten Seiten ist jedoch ohne konkrete Anhaltspunkte einer Rechtsverletzung nicht zumutbar. Bei Bekanntwerden von Rechtsverletzungen werden wir derartige Links umgehend entfernen.<\/p>\n<h3>3. Urheber- und Kennzeichenrecht<\/h3>\n<p>Alle innerhalb des Internetangebotes genannten und ggf. durch Dritte gesch\u00fctzten Marken- und Warenzeichen unterliegen uneingeschr\u00e4nkt den Bestimmungen des jeweils g\u00fcltigen Kennzeichenrechts und den Besitzrechten der jeweiligen eingetragenen Eigent\u00fcmer.<\/p>\n<p>Dies gilt insbesondere f\u00fcr Texte, Bilder, Grafiken, Ton-, Video- oder Animationsdateien einschlie\u00dflich deren Anordnung auf den Web-Seiten. Eine Vervielf\u00e4ltigung, Verwendung, Bearbeitung, \u00dcbersetzung, Einspeicherung solcher Seiten oder Teilen davon in anderen elektronischen oder gedruckten Publikationen und deren Ver\u00f6ffentlichung ist ohne ausdr\u00fcckliche Zustimmung des Anbieters oder Rechteinhabers nicht gestattet und strafbar.<\/p>\n<p>Lediglich die Herstellung von Kopien und Downloads f\u00fcr den pers\u00f6nlichen, privaten und nicht kommerziellen Gebrauch ist erlaubt. Weiterhin k\u00f6nnen Bilder, Grafiken, Text- oder sonstige Dateien ganz oder teilweise dem Urheberrecht Dritter unterliegen.<\/p>\n<h3>4. Rechtswirksamkeit dieses Haftungsausschlusses<\/h3>\n<p>Sofern Teile oder einzelne Formulierungen dieses Textes der geltenden Rechtslage nicht, nicht mehr oder nicht vollst\u00e4ndig entsprechen sollten, bleiben die \u00fcbrigen Teile des Dokumentes in ihrem Inhalt und ihrer G\u00fcltigkeit davon unber\u00fchrt.<\/p>\n<h3>Bildnachweise<\/h3>\n<p>Startseite<\/p>\n<p>\u00a9 Ingenieurb\u00fcro KLEB GmbH<\/p>\n<p>\u00dcber uns<\/p>\n<p>\u00a9 pexels_nicole-rathmayr<\/p>\n<p>Vertreterversammlung, Vorstand, Gesch\u00e4ftsstelle, Gremien, W\u00fcrdigungen, Antr\u00e4ge<\/p>\n<p>\u00a9 designed by Wirestock &#8211; Freepik.com<\/p>\n<p>Kontakt<\/p>\n<p>\u00a9 IKTh<\/p>\n<p><span class=\"menu-item-text\"><span class=\"menu-text\">Mitgliedschaft, <\/span><\/span>Mitglied werden<\/p>\n<p>\u00a9 designed by Jannoon028 &#8211; Freepik.com<\/p>\n<p>Versorgungswerk<\/p>\n<p>\u00a9 jiffyavril &#8211; Freepik.com<\/p>\n<p>Fortbildung\/ Zusatzqualifikationen<\/p>\n<p>\u00a9 designed by Katemangostar &#8211; Freepik.com<\/p>\n<p><span class=\"menu-item-text\"><span class=\"menu-text\">Nachwuchs<\/span><\/span><\/p>\n<p>\u00a9 nirat.pix &#8211; Freepik.com<\/p>\n<p>Duales Studium Bauingenieurwesen<\/p>\n<p>\u00a9 designed by Cookie_Studio &#8211; Freepik.com<\/p>\n<p><span class=\"menu-item-text\"><span class=\"menu-text\">Recht &amp; Service<\/span><\/span><\/p>\n<p>\u00a9 freedomz &#8211; Freepik.com<\/p>\n<p>Gesetze und Verordnungen<\/p>\n<p>\u00a9 designed by Freepik &#8211; Freepik.com<\/p>\n<p>News<\/p>\n<p>\u00a9 3dhun &#8211; Freepik.com<\/p>\n<p>Interessentenliste<\/p>\n<p>@serhii_bobyk &#8211; Freepik.com[\/vc_column_text][\/vc_column][\/vc_row]<\/p>\n<\/div>","protected":false},"excerpt":{"rendered":"<p>[vc_row][vc_column][vc_column_text css=&#8220;&#8220;] Hinweise gem\u00e4\u00df \u00a7 5 Digitale-Dienste-Gesetz (DDG) Herausgeber: Ingenieurkammer Th\u00fcringen K\u00f6rperschaft \u00f6ffentlichen Rechts Gustav-Freytag-Str. 1 99096 Erfurt Telefon: +49 361 22873 &#8211; 0 Telefax: +49 361 22873 &#8211; 50&hellip;<\/p>\n","protected":false},"author":3,"featured_media":0,"parent":0,"menu_order":0,"comment_status":"closed","ping_status":"closed","template":"","meta":{"_acf_changed":false,"footnotes":""},"class_list":["post-2959","page","type-page","status-publish","hentry","description-off"],"acf":[],"yoast_head":"<!-- This site is optimized with the Yoast SEO plugin v26.4 - https:\/\/yoast.com\/wordpress\/plugins\/seo\/ -->\n<title>Impressum - Ingenieurkammer Th\u00fcringen<\/title>\n<meta name=\"description\" content=\"0\" \/>\n<meta name=\"robots\" content=\"index, follow, max-snippet:-1, max-image-preview:large, max-video-preview:-1\" \/>\n<link rel=\"canonical\" href=\"https:\/\/ikth.de\/startseite\/impressum\/\" \/>\n<meta property=\"og:locale\" content=\"de_DE\" \/>\n<meta property=\"og:type\" content=\"article\" \/>\n<meta property=\"og:title\" content=\"Impressum - Ingenieurkammer Th\u00fcringen\" \/>\n<meta property=\"og:description\" content=\"[vc_row][vc_column][vc_column_text css=&#8220;&#8220;] Hinweise gem\u00e4\u00df \u00a7 5 Digitale-Dienste-Gesetz (DDG) Herausgeber: Ingenieurkammer Th\u00fcringen K\u00f6rperschaft \u00f6ffentlichen Rechts Gustav-Freytag-Str. 1 99096 Erfurt Telefon: +49 361 22873 &#8211; 0 Telefax: +49 361 22873 &#8211; 50&hellip;\" \/>\n<meta property=\"og:url\" content=\"https:\/\/ikth.de\/startseite\/impressum\/\" \/>\n<meta property=\"og:site_name\" content=\"Ingenieurkammer Th\u00fcringen\" \/>\n<meta property=\"article:modified_time\" content=\"2026-03-03T14:07:23+00:00\" \/>\n<meta name=\"twitter:card\" content=\"summary_large_image\" \/>\n<meta name=\"twitter:label1\" content=\"Gesch\u00e4tzte Lesezeit\" \/>\n\t<meta name=\"twitter:data1\" content=\"4\u00a0Minuten\" \/>\n<script type=\"application\/ld+json\" class=\"yoast-schema-graph\">{\"@context\":\"https:\/\/schema.org\",\"@graph\":[{\"@type\":\"WebPage\",\"@id\":\"https:\/\/ikth.de\/startseite\/impressum\/\",\"url\":\"https:\/\/ikth.de\/startseite\/impressum\/\",\"name\":\"Impressum - Ingenieurkammer Th\u00fcringen\",\"isPartOf\":{\"@id\":\"https:\/\/ikth.de\/startseite\/#website\"},\"datePublished\":\"2021-09-15T08:52:58+00:00\",\"dateModified\":\"2026-03-03T14:07:23+00:00\",\"breadcrumb\":{\"@id\":\"https:\/\/ikth.de\/startseite\/impressum\/#breadcrumb\"},\"inLanguage\":\"de\",\"potentialAction\":[{\"@type\":\"ReadAction\",\"target\":[\"https:\/\/ikth.de\/startseite\/impressum\/\"]}]},{\"@type\":\"BreadcrumbList\",\"@id\":\"https:\/\/ikth.de\/startseite\/impressum\/#breadcrumb\",\"itemListElement\":[{\"@type\":\"ListItem\",\"position\":1,\"name\":\"Startseite\",\"item\":\"https:\/\/ikth.de\/startseite\/\"},{\"@type\":\"ListItem\",\"position\":2,\"name\":\"Impressum\"}]},{\"@type\":\"WebSite\",\"@id\":\"https:\/\/ikth.de\/startseite\/#website\",\"url\":\"https:\/\/ikth.de\/startseite\/\",\"name\":\"Ingenieurkammer Th\u00fcringen\",\"description\":\"\",\"potentialAction\":[{\"@type\":\"SearchAction\",\"target\":{\"@type\":\"EntryPoint\",\"urlTemplate\":\"https:\/\/ikth.de\/startseite\/?s={search_term_string}\"},\"query-input\":{\"@type\":\"PropertyValueSpecification\",\"valueRequired\":true,\"valueName\":\"search_term_string\"}}],\"inLanguage\":\"de\"}]}<\/script>\n<!-- \/ Yoast SEO plugin. -->","yoast_head_json":{"title":"Impressum - Ingenieurkammer Th\u00fcringen","robots":{"index":"index","follow":"follow","max-snippet":"max-snippet:-1","max-image-preview":"max-image-preview:large","max-video-preview":"max-video-preview:-1"},"canonical":"https:\/\/ikth.de\/startseite\/impressum\/","og_locale":"de_DE","og_type":"article","og_title":"Impressum - Ingenieurkammer Th\u00fcringen","og_description":"[vc_row][vc_column][vc_column_text css=&#8220;&#8220;] Hinweise gem\u00e4\u00df \u00a7 5 Digitale-Dienste-Gesetz (DDG) Herausgeber: Ingenieurkammer Th\u00fcringen K\u00f6rperschaft \u00f6ffentlichen Rechts Gustav-Freytag-Str. 1 99096 Erfurt Telefon: +49 361 22873 &#8211; 0 Telefax: +49 361 22873 &#8211; 50&hellip;","og_url":"https:\/\/ikth.de\/startseite\/impressum\/","og_site_name":"Ingenieurkammer Th\u00fcringen","article_modified_time":"2026-03-03T14:07:23+00:00","twitter_card":"summary_large_image","twitter_misc":{"Gesch\u00e4tzte Lesezeit":"4\u00a0Minuten"},"schema":{"@context":"https:\/\/schema.org","@graph":[{"@type":"WebPage","@id":"https:\/\/ikth.de\/startseite\/impressum\/","url":"https:\/\/ikth.de\/startseite\/impressum\/","name":"Impressum - Ingenieurkammer Th\u00fcringen","isPartOf":{"@id":"https:\/\/ikth.de\/startseite\/#website"},"datePublished":"2021-09-15T08:52:58+00:00","dateModified":"2026-03-03T14:07:23+00:00","breadcrumb":{"@id":"https:\/\/ikth.de\/startseite\/impressum\/#breadcrumb"},"inLanguage":"de","potentialAction":[{"@type":"ReadAction","target":["https:\/\/ikth.de\/startseite\/impressum\/"]}]},{"@type":"BreadcrumbList","@id":"https:\/\/ikth.de\/startseite\/impressum\/#breadcrumb","itemListElement":[{"@type":"ListItem","position":1,"name":"Startseite","item":"https:\/\/ikth.de\/startseite\/"},{"@type":"ListItem","position":2,"name":"Impressum"}]},{"@type":"WebSite","@id":"https:\/\/ikth.de\/startseite\/#website","url":"https:\/\/ikth.de\/startseite\/","name":"Ingenieurkammer Th\u00fcringen","description":"","potentialAction":[{"@type":"SearchAction","target":{"@type":"EntryPoint","urlTemplate":"https:\/\/ikth.de\/startseite\/?s={search_term_string}"},"query-input":{"@type":"PropertyValueSpecification","valueRequired":true,"valueName":"search_term_string"}}],"inLanguage":"de"}]}},"_links":{"self":[{"href":"https:\/\/ikth.de\/startseite\/wp-json\/wp\/v2\/pages\/2959","targetHints":{"allow":["GET"]}}],"collection":[{"href":"https:\/\/ikth.de\/startseite\/wp-json\/wp\/v2\/pages"}],"about":[{"href":"https:\/\/ikth.de\/startseite\/wp-json\/wp\/v2\/types\/page"}],"author":[{"embeddable":true,"href":"https:\/\/ikth.de\/startseite\/wp-json\/wp\/v2\/users\/3"}],"replies":[{"embeddable":true,"href":"https:\/\/ikth.de\/startseite\/wp-json\/wp\/v2\/comments?post=2959"}],"version-history":[{"count":5,"href":"https:\/\/ikth.de\/startseite\/wp-json\/wp\/v2\/pages\/2959\/revisions"}],"predecessor-version":[{"id":11413,"href":"https:\/\/ikth.de\/startseite\/wp-json\/wp\/v2\/pages\/2959\/revisions\/11413"}],"wp:attachment":[{"href":"https:\/\/ikth.de\/startseite\/wp-json\/wp\/v2\/media?parent=2959"}],"curies":[{"name":"wp","href":"https:\/\/api.w.org\/{rel}","templated":true}]}}