{"id":2725,"date":"2021-08-19T10:15:42","date_gmt":"2021-08-19T08:15:42","guid":{"rendered":"https:\/\/ikth.de\/startseite\/datenschutzerklaerung-copy\/"},"modified":"2021-12-16T10:05:42","modified_gmt":"2021-12-16T09:05:42","slug":"barrierefreiheit","status":"publish","type":"page","link":"https:\/\/ikth.de\/startseite\/barrierefreiheit\/","title":{"rendered":"Barrierefreiheit"},"content":{"rendered":"<div class=\"wpb-content-wrapper\"><p>[vc_row][vc_column][vc_column_text]<\/p>\n<h1>Erkl\u00e4rung zur Barrierefreiheit<\/h1>\n<p>Diese Erkl\u00e4rung zur digitalen Barrierefreiheit gilt f\u00fcr die unter der <a href=\"http:\/\/www.ikth.de\">www.ikth.de<\/a> ver\u00f6ffentlichten Website der Ingenieurkammer Th\u00fcringen.<\/p>\n<p>Als \u00f6ffentliche Stelle sind wir bem\u00fcht, unsere Website barrierefrei zug\u00e4nglich zu machen. Die Anforderungen der Barrierefreiheit ergeben sich aus dem Th\u00fcringer Gesetz \u00fcber den barrierefreien Zugang zu den Websites und mobilen Anwendungen \u00f6ffentlicher Stellen (Th\u00fcrBarrWebG) sowie der Th\u00fcringer Barrierefreie-Informationstechnik-Verordnung (Th\u00fcrBITVO).<\/p>\n<p>Nach \u00a7 1 Th\u00fcrBarrWebG (Th\u00fcringer Gesetz \u00fcber den barrierefreien Zugang zu den Websites und mobilen Anwendungen \u00f6ffentlicher Stellen vom 30. Juli 2019) unterliegen folgende Inhalte nicht den Vorgaben zur Barrierefreiheit:<\/p>\n<ul>\n<li>Dateiformate von B\u00fcroanwendungen, die vor dem 23. September 2018 ver\u00f6ffentlicht wurden, es sei denn, diese Inhalte sind f\u00fcr die aktiven Verwaltungsverfahren der von der betreffenden \u00f6ffentlichen Stelle wahrgenommenen Aufgaben erforderlich<\/li>\n<li>aufgezeichnete zeitbasierte Medien, die vor dem 23. September 2020 ver\u00f6ffentlicht wurden<\/li>\n<li>Inhalte, die als Archive gelten, das hei\u00dft die ausschlie\u00dflich Inhalte enthalten, die weder f\u00fcr aktive Verwaltungsverfahren ben\u00f6tigt werden noch nach dem 23. September 2019 aktualisiert oder \u00fcberarbeitet wurden. Darunter fallen die Th\u00fcringen-Monitore,\u00a0die vor dem Jahr 2019 erschienen sind.<\/li>\n<\/ul>\n<p><strong>Stand der Vereinbarkeit mit den Anforderungen<\/strong><\/p>\n<p>Es ist nicht bekannt inwieweit f\u00fcr die aufgef\u00fchrten Inhalte ein BITV-Test von Dritten durchgef\u00fchrt wurde. Die Ingenieurkammer Th\u00fcringen hat bisher keinen BITV-Test von Dritten durchf\u00fchren lassen.<\/p>\n<p>F\u00fcr den redaktionellen und technischen Betrieb der Website <a href=\"http:\/\/www.ikth.de\">www.ikth.de<\/a> wird das auf der Webseite des BITV-Tests empfohlene <em>Content Management System <\/em>WordPress genutzt. (Siehe auch: <a href=\"https:\/\/www.bitvtest.de\/sites_und_agenturen\/genutzte_cms.html\">https:\/\/www.bitvtest.de\/sites_und_agenturen\/genutzte_cms.html<\/a>)<\/p>\n<p><strong>Welche Bereiche sind nicht barrierefrei?<\/strong><\/p>\n<ul>\n<li>PDF-Dokumente, die vor dem 23. September 2018 ver\u00f6ffentlicht wurden<\/li>\n<li>Die Website verf\u00fcgt nicht \u00fcber eine Version in Geb\u00e4rdensprache<\/li>\n<li>Untertitel von Videos: Wir sind bem\u00fcht, f\u00fcr jedes verf\u00fcgbare Video Untertitel zur Verf\u00fcgung zu stellen. Sollten sie einmal fehlen, stehen alternativ automatisch erstellte Untertitel der Plattform YouTube zur Verf\u00fcgung.<\/li>\n<li>Schl\u00fcssige Reihenfolge bei der Tastaturbedienung<br \/>\nDer Slider auf der Startseite l\u00e4sst sich noch nicht schl\u00fcssig mit der Tastatur bedienen.<\/li>\n<li>Nicht alle Bilder enthalten die korrekten Alternativtexte. Sofern wir innerhalb der Bearbeitung von Texten und Bildern dies zur Kenntnis nehmen, werden wir die Alternativtexte nachtr\u00e4glich anpassen<\/li>\n<li>Linktexte und Beschreibungen wurden aussagekr\u00e4ftig erweitert.<\/li>\n<\/ul>\n<p><strong>Leichte Sprache\/ Geb\u00e4rdensprache<\/strong><\/p>\n<p>Wir bem\u00fchen uns, eine m\u00f6glichst einfache Sprache zu benutzen. Nicht immer ist dies aufgrund der komplexen Inhalte von Fach-Informationen m\u00f6glich. Bitte schreiben Sie uns, wenn Ihrer Ansicht nach in Texten die Sachverhalte unn\u00f6tig kompliziert darstellt werden.<\/p>\n<p>Die Nutzung von Abk\u00fcrzungen wird weitestgehend vermieden. Beim ersten Auftreten im Text wird die ungek\u00fcrzte Schreibweise verwendet, um dann jedoch im weiteren Text die eingef\u00fchrte Abk\u00fcrzung zu nutzen. Bitte informieren Sie uns, wenn Sie in unserem Angebot auf erl\u00e4uterungsbed\u00fcrftige Abk\u00fcrzungen oder Fachbegriffe sto\u00dfen.<\/p>\n<p><strong>Folgende Ma\u00dfnahmen zur Erreichung der Barrierefreiheit<\/strong><\/p>\n<p>Wir arbeiten an der barrierefreien Umsetzung der oben aufgef\u00fchrten Inhalte und setzen die Regelungen kontinuierlich um. Einzelne Seiteninhalte werden von der Web-Redaktion bei Ver\u00f6ffentlichung neuer Inhalte regelm\u00e4\u00dfig gepr\u00fcft.<\/p>\n<p><strong>Erstellung dieser Erkl\u00e4rung zur Barrierefreiheit<\/strong><\/p>\n<p>Die vorliegende Erkl\u00e4rung zur Barrierefreiheit wurde zuletzt am 25.10.2021 aktualisiert.<\/p>\n<p><strong>Feedback und Kontaktangaben<\/strong><\/p>\n<p>Die Ingenieurkammer Th\u00fcringen arbeitet daran, die bestehenden Barrieren abzuschaffen. Falls Sie bei der Verwendung der Website auf Barrieren sto\u00dfen, k\u00f6nnen Sie sich an den Internetverantwortlichen der Ingenieurkammer Th\u00fcringen wenden.<\/p>\n<p>F\u00fcr Hinweise und Verbesserungsvorschl\u00e4ge sind wir stets dankbar. Wir sind bestrebt, berechtigte Korrekturw\u00fcnsche und Anpassungsvorschl\u00e4ge schnellstm\u00f6glich zu ber\u00fccksichtigen.<\/p>\n<p><a href=\"mailto:stefan.weber@tlf.thueringen.de\">Barriere per E-Mail melden<\/a><\/p>\n<p>Ingenieurkammer Th\u00fcringen<br \/>\nK\u00f6rperschaft \u00f6ffentlichen Rechts<br \/>\nGustav-Freytag-Stra\u00dfe 1<br \/>\n99096 Erfurt<\/p>\n<p>Telefon: +49 361 \/ 228 730<br \/>\nE-Mail: <a href=\"mailto:info@ikth.de\">info@ikth.de<\/a><\/p>\n<p><strong>Schlichtungsverfahren<\/strong><\/p>\n<p>Sollten Sie der Ansicht sein, durch eine nicht ausreichende barrierefreie Gestaltung von www.ikth.de benachteiligt zu sein oder wenn Ihre R\u00fcckmeldungen nicht zu Ihrer Zufriedenheit bearbeitet werden, k\u00f6nnen Sie sich an die Durchsetzungsstelle nach dem Th\u00fcrBarrWebG wenden:<\/p>\n<p>Der Beauftragte der Th\u00fcringer Landesregierung f\u00fcr Menschen mit Behinderungen<br \/>\nJoachim Leibiger<br \/>\nWerner-Seelenbinder-Stra\u00dfe 6<br \/>\n99096 Erfurt<\/p>\n<p>Telefon: 0361 573 811 741<br \/>\nE-Mail: <a href=\"mailto:vz_bmb@tmasgff.thueringen.de\">vz_bmb@tmasgff.thueringen.de<\/a>[\/vc_column_text][\/vc_column][\/vc_row]<\/p>\n<\/div>","protected":false},"excerpt":{"rendered":"<p>[vc_row][vc_column][vc_column_text] Erkl\u00e4rung zur Barrierefreiheit Diese Erkl\u00e4rung zur digitalen Barrierefreiheit gilt f\u00fcr die unter der www.ikth.de ver\u00f6ffentlichten Website der Ingenieurkammer Th\u00fcringen. Als \u00f6ffentliche Stelle sind wir bem\u00fcht, unsere Website barrierefrei zug\u00e4nglich&hellip;<\/p>\n","protected":false},"author":1,"featured_media":0,"parent":0,"menu_order":0,"comment_status":"closed","ping_status":"closed","template":"","meta":{"_acf_changed":false,"footnotes":""},"class_list":["post-2725","page","type-page","status-publish","hentry","description-off"],"acf":[],"yoast_head":"<!-- This site is optimized with the Yoast SEO plugin v26.4 - https:\/\/yoast.com\/wordpress\/plugins\/seo\/ -->\n<title>Barrierefreiheit - Ingenieurkammer Th\u00fcringen<\/title>\n<meta name=\"description\" content=\"0\" \/>\n<meta name=\"robots\" content=\"index, follow, max-snippet:-1, max-image-preview:large, max-video-preview:-1\" \/>\n<link rel=\"canonical\" href=\"https:\/\/ikth.de\/startseite\/barrierefreiheit\/\" \/>\n<meta property=\"og:locale\" content=\"de_DE\" \/>\n<meta property=\"og:type\" content=\"article\" \/>\n<meta property=\"og:title\" content=\"Barrierefreiheit - Ingenieurkammer Th\u00fcringen\" \/>\n<meta property=\"og:description\" content=\"[vc_row][vc_column][vc_column_text] Erkl\u00e4rung zur Barrierefreiheit Diese Erkl\u00e4rung zur digitalen Barrierefreiheit gilt f\u00fcr die unter der www.ikth.de ver\u00f6ffentlichten Website der Ingenieurkammer Th\u00fcringen. Als \u00f6ffentliche Stelle sind wir bem\u00fcht, unsere Website barrierefrei zug\u00e4nglich&hellip;\" \/>\n<meta property=\"og:url\" content=\"https:\/\/ikth.de\/startseite\/barrierefreiheit\/\" \/>\n<meta property=\"og:site_name\" content=\"Ingenieurkammer Th\u00fcringen\" \/>\n<meta property=\"article:modified_time\" content=\"2021-12-16T09:05:42+00:00\" \/>\n<meta name=\"twitter:card\" content=\"summary_large_image\" \/>\n<meta name=\"twitter:label1\" content=\"Gesch\u00e4tzte Lesezeit\" \/>\n\t<meta name=\"twitter:data1\" content=\"3\u00a0Minuten\" \/>\n<script type=\"application\/ld+json\" class=\"yoast-schema-graph\">{\"@context\":\"https:\/\/schema.org\",\"@graph\":[{\"@type\":\"WebPage\",\"@id\":\"https:\/\/ikth.de\/startseite\/barrierefreiheit\/\",\"url\":\"https:\/\/ikth.de\/startseite\/barrierefreiheit\/\",\"name\":\"Barrierefreiheit - Ingenieurkammer Th\u00fcringen\",\"isPartOf\":{\"@id\":\"https:\/\/ikth.de\/startseite\/#website\"},\"datePublished\":\"2021-08-19T08:15:42+00:00\",\"dateModified\":\"2021-12-16T09:05:42+00:00\",\"breadcrumb\":{\"@id\":\"https:\/\/ikth.de\/startseite\/barrierefreiheit\/#breadcrumb\"},\"inLanguage\":\"de\",\"potentialAction\":[{\"@type\":\"ReadAction\",\"target\":[\"https:\/\/ikth.de\/startseite\/barrierefreiheit\/\"]}]},{\"@type\":\"BreadcrumbList\",\"@id\":\"https:\/\/ikth.de\/startseite\/barrierefreiheit\/#breadcrumb\",\"itemListElement\":[{\"@type\":\"ListItem\",\"position\":1,\"name\":\"Startseite\",\"item\":\"https:\/\/ikth.de\/startseite\/\"},{\"@type\":\"ListItem\",\"position\":2,\"name\":\"Barrierefreiheit\"}]},{\"@type\":\"WebSite\",\"@id\":\"https:\/\/ikth.de\/startseite\/#website\",\"url\":\"https:\/\/ikth.de\/startseite\/\",\"name\":\"Ingenieurkammer Th\u00fcringen\",\"description\":\"\",\"potentialAction\":[{\"@type\":\"SearchAction\",\"target\":{\"@type\":\"EntryPoint\",\"urlTemplate\":\"https:\/\/ikth.de\/startseite\/?s={search_term_string}\"},\"query-input\":{\"@type\":\"PropertyValueSpecification\",\"valueRequired\":true,\"valueName\":\"search_term_string\"}}],\"inLanguage\":\"de\"}]}<\/script>\n<!-- \/ Yoast SEO plugin. -->","yoast_head_json":{"title":"Barrierefreiheit - Ingenieurkammer Th\u00fcringen","robots":{"index":"index","follow":"follow","max-snippet":"max-snippet:-1","max-image-preview":"max-image-preview:large","max-video-preview":"max-video-preview:-1"},"canonical":"https:\/\/ikth.de\/startseite\/barrierefreiheit\/","og_locale":"de_DE","og_type":"article","og_title":"Barrierefreiheit - Ingenieurkammer Th\u00fcringen","og_description":"[vc_row][vc_column][vc_column_text] Erkl\u00e4rung zur Barrierefreiheit Diese Erkl\u00e4rung zur digitalen Barrierefreiheit gilt f\u00fcr die unter der www.ikth.de ver\u00f6ffentlichten Website der Ingenieurkammer Th\u00fcringen. Als \u00f6ffentliche Stelle sind wir bem\u00fcht, unsere Website barrierefrei zug\u00e4nglich&hellip;","og_url":"https:\/\/ikth.de\/startseite\/barrierefreiheit\/","og_site_name":"Ingenieurkammer Th\u00fcringen","article_modified_time":"2021-12-16T09:05:42+00:00","twitter_card":"summary_large_image","twitter_misc":{"Gesch\u00e4tzte Lesezeit":"3\u00a0Minuten"},"schema":{"@context":"https:\/\/schema.org","@graph":[{"@type":"WebPage","@id":"https:\/\/ikth.de\/startseite\/barrierefreiheit\/","url":"https:\/\/ikth.de\/startseite\/barrierefreiheit\/","name":"Barrierefreiheit - Ingenieurkammer Th\u00fcringen","isPartOf":{"@id":"https:\/\/ikth.de\/startseite\/#website"},"datePublished":"2021-08-19T08:15:42+00:00","dateModified":"2021-12-16T09:05:42+00:00","breadcrumb":{"@id":"https:\/\/ikth.de\/startseite\/barrierefreiheit\/#breadcrumb"},"inLanguage":"de","potentialAction":[{"@type":"ReadAction","target":["https:\/\/ikth.de\/startseite\/barrierefreiheit\/"]}]},{"@type":"BreadcrumbList","@id":"https:\/\/ikth.de\/startseite\/barrierefreiheit\/#breadcrumb","itemListElement":[{"@type":"ListItem","position":1,"name":"Startseite","item":"https:\/\/ikth.de\/startseite\/"},{"@type":"ListItem","position":2,"name":"Barrierefreiheit"}]},{"@type":"WebSite","@id":"https:\/\/ikth.de\/startseite\/#website","url":"https:\/\/ikth.de\/startseite\/","name":"Ingenieurkammer Th\u00fcringen","description":"","potentialAction":[{"@type":"SearchAction","target":{"@type":"EntryPoint","urlTemplate":"https:\/\/ikth.de\/startseite\/?s={search_term_string}"},"query-input":{"@type":"PropertyValueSpecification","valueRequired":true,"valueName":"search_term_string"}}],"inLanguage":"de"}]}},"_links":{"self":[{"href":"https:\/\/ikth.de\/startseite\/wp-json\/wp\/v2\/pages\/2725","targetHints":{"allow":["GET"]}}],"collection":[{"href":"https:\/\/ikth.de\/startseite\/wp-json\/wp\/v2\/pages"}],"about":[{"href":"https:\/\/ikth.de\/startseite\/wp-json\/wp\/v2\/types\/page"}],"author":[{"embeddable":true,"href":"https:\/\/ikth.de\/startseite\/wp-json\/wp\/v2\/users\/1"}],"replies":[{"embeddable":true,"href":"https:\/\/ikth.de\/startseite\/wp-json\/wp\/v2\/comments?post=2725"}],"version-history":[{"count":1,"href":"https:\/\/ikth.de\/startseite\/wp-json\/wp\/v2\/pages\/2725\/revisions"}],"predecessor-version":[{"id":3526,"href":"https:\/\/ikth.de\/startseite\/wp-json\/wp\/v2\/pages\/2725\/revisions\/3526"}],"wp:attachment":[{"href":"https:\/\/ikth.de\/startseite\/wp-json\/wp\/v2\/media?parent=2725"}],"curies":[{"name":"wp","href":"https:\/\/api.w.org\/{rel}","templated":true}]}}