{"id":1891,"date":"2021-06-10T18:18:20","date_gmt":"2021-06-10T16:18:20","guid":{"rendered":"https:\/\/ikth.de\/startseite\/gesetze-und-verordnungen-copy\/"},"modified":"2026-02-23T12:03:23","modified_gmt":"2026-02-23T11:03:23","slug":"expertenverzeichnisse","status":"publish","type":"page","link":"https:\/\/ikth.de\/startseite\/expertenverzeichnisse\/","title":{"rendered":"Expertenverzeichnisse"},"content":{"rendered":"<div class=\"wpb-content-wrapper\"><p>[vc_row type=&#8220;vc_default&#8220;][vc_column][vc_row_inner][vc_column_inner width=&#8220;5\/6&#8243;][vc_column_text]<\/p>\n<p class=\"toggler active\"><strong>Zertifizierungsworkshop zur &#8222;Praktischen Umsetzung der EG-Wasserrahmenrichtlinie im Freistaat Th\u00fcringen&#8220;<\/strong><\/p>\n<div class=\"content-wrapper\">\n<div class=\"content wk-content clearfix\">\n<p>Am 7. M\u00e4rz 2018 haben Mitglieder von Ingenieurkammer Th\u00fcringen (IKTh) und Architektenkammer Th\u00fcringen (AKTh) aus den Bereichen Wasserbau, Hydrologie\/Hydrogeologie, Landschaftsarchitektur und St\u00e4dtebau einen von der IKT auf Initiative der <a class=\"ext\" href=\"http:\/\/www.tlug-jena.de\/\" target=\"_blank\" rel=\"noopener\">Th\u00fcringer Landesanstalt f\u00fcr Umwelt und Geologie<\/a> (TLUG) konzipierten Zertifizierungsworkshop zur <strong>\u201ePraktischen Umsetzung der EG-Wasserrahmenrichtlinie im Freistaat Th\u00fcringen &#8211; Gew\u00e4sserentwicklung, Ingenieurbiologie, \u00f6kologische Durchg\u00e4ngigkeit\u201c<\/strong> absolviert.<\/p>\n<\/div>\n<\/div>\n<p>[\/vc_column_text][\/vc_column_inner][vc_column_inner width=&#8220;1\/6&#8243;][\/vc_column_inner][\/vc_row_inner][\/vc_column][\/vc_row][vc_row][vc_column][vc_tta_accordion shape=&#8220;square&#8220; c_icon=&#8220;triangle&#8220; c_position=&#8220;right&#8220; active_section=&#8220;&#8220; collapsible_all=&#8220;true&#8220;][vc_tta_section title=&#8220;\u00dcbersicht Zertifizierte 2018 \u2013 2023&#8243; tab_id=&#8220;1623994177967-1fc9ca81-5ef7&#8243;][vc_raw_html]JTVCdGFibGUlMjBpZCUzRDE0JTIwJTJGJTVE[\/vc_raw_html][\/vc_tta_section][\/vc_tta_accordion][\/vc_column][\/vc_row][vc_row][vc_column][vc_separator][\/vc_column][\/vc_row][vc_row][vc_column width=&#8220;5\/6&#8243;][vc_column_text]<strong>Expertenverzeichnis Energieeffizienzplaner<\/strong><\/p>\n<p>Die Ingenieurkammern und Architektenkammern aller Bundesl\u00e4nder haben ein gemeinsames Internetportal eingerichtet, das erm\u00f6glicht, gezielt nach Energieeffizienz-Planern im jeweiligen Bundesland zu suchen, sich \u00fcber die F\u00f6rderm\u00f6glichkeiten der Energieberatung zu informieren sowie die richtigen Ansprechpartner zu finden: <a class=\"ext\" href=\"http:\/\/www.energieeffizienz-planer.de\/\" target=\"_blank\" rel=\"noopener\">www.energieeffizienz-planer.de<\/a><\/p>\n<p>[\/vc_column_text][\/vc_column][vc_column width=&#8220;1\/6&#8243;][\/vc_column][\/vc_row]<\/p>\n<\/div>","protected":false},"excerpt":{"rendered":"<p>[vc_row type=&#8220;vc_default&#8220;][vc_column][vc_row_inner][vc_column_inner width=&#8220;5\/6&#8243;][vc_column_text] Zertifizierungsworkshop zur &#8222;Praktischen Umsetzung der EG-Wasserrahmenrichtlinie im Freistaat Th\u00fcringen&#8220; Am 7. M\u00e4rz 2018 haben Mitglieder von Ingenieurkammer Th\u00fcringen (IKTh) und Architektenkammer Th\u00fcringen (AKTh) aus den Bereichen Wasserbau,&hellip;<\/p>\n","protected":false},"author":3,"featured_media":0,"parent":0,"menu_order":0,"comment_status":"closed","ping_status":"closed","template":"","meta":{"_acf_changed":false,"footnotes":""},"class_list":["post-1891","page","type-page","status-publish","hentry","description-off"],"acf":[],"yoast_head":"<!-- This site is optimized with the Yoast SEO plugin v26.4 - https:\/\/yoast.com\/wordpress\/plugins\/seo\/ -->\n<title>Expertenverzeichnisse - Ingenieurkammer Th\u00fcringen<\/title>\n<meta name=\"description\" content=\"0\" \/>\n<meta name=\"robots\" content=\"index, follow, max-snippet:-1, max-image-preview:large, max-video-preview:-1\" \/>\n<link rel=\"canonical\" href=\"https:\/\/ikth.de\/startseite\/expertenverzeichnisse\/\" \/>\n<meta property=\"og:locale\" content=\"de_DE\" \/>\n<meta property=\"og:type\" content=\"article\" \/>\n<meta property=\"og:title\" content=\"Expertenverzeichnisse - Ingenieurkammer Th\u00fcringen\" \/>\n<meta property=\"og:description\" content=\"[vc_row type=&#8220;vc_default&#8220;][vc_column][vc_row_inner][vc_column_inner width=&#8220;5\/6&#8243;][vc_column_text] Zertifizierungsworkshop zur &#8222;Praktischen Umsetzung der EG-Wasserrahmenrichtlinie im Freistaat Th\u00fcringen&#8220; Am 7. M\u00e4rz 2018 haben Mitglieder von Ingenieurkammer Th\u00fcringen (IKTh) und Architektenkammer Th\u00fcringen (AKTh) aus den Bereichen Wasserbau,&hellip;\" \/>\n<meta property=\"og:url\" content=\"https:\/\/ikth.de\/startseite\/expertenverzeichnisse\/\" \/>\n<meta property=\"og:site_name\" content=\"Ingenieurkammer Th\u00fcringen\" \/>\n<meta property=\"article:modified_time\" content=\"2026-02-23T11:03:23+00:00\" \/>\n<meta name=\"twitter:card\" content=\"summary_large_image\" \/>\n<meta name=\"twitter:label1\" content=\"Gesch\u00e4tzte Lesezeit\" \/>\n\t<meta name=\"twitter:data1\" content=\"1\u00a0Minute\" \/>\n<script type=\"application\/ld+json\" class=\"yoast-schema-graph\">{\"@context\":\"https:\/\/schema.org\",\"@graph\":[{\"@type\":\"WebPage\",\"@id\":\"https:\/\/ikth.de\/startseite\/expertenverzeichnisse\/\",\"url\":\"https:\/\/ikth.de\/startseite\/expertenverzeichnisse\/\",\"name\":\"Expertenverzeichnisse - Ingenieurkammer Th\u00fcringen\",\"isPartOf\":{\"@id\":\"https:\/\/ikth.de\/startseite\/#website\"},\"datePublished\":\"2021-06-10T16:18:20+00:00\",\"dateModified\":\"2026-02-23T11:03:23+00:00\",\"breadcrumb\":{\"@id\":\"https:\/\/ikth.de\/startseite\/expertenverzeichnisse\/#breadcrumb\"},\"inLanguage\":\"de\",\"potentialAction\":[{\"@type\":\"ReadAction\",\"target\":[\"https:\/\/ikth.de\/startseite\/expertenverzeichnisse\/\"]}]},{\"@type\":\"BreadcrumbList\",\"@id\":\"https:\/\/ikth.de\/startseite\/expertenverzeichnisse\/#breadcrumb\",\"itemListElement\":[{\"@type\":\"ListItem\",\"position\":1,\"name\":\"Startseite\",\"item\":\"https:\/\/ikth.de\/startseite\/\"},{\"@type\":\"ListItem\",\"position\":2,\"name\":\"Expertenverzeichnisse\"}]},{\"@type\":\"WebSite\",\"@id\":\"https:\/\/ikth.de\/startseite\/#website\",\"url\":\"https:\/\/ikth.de\/startseite\/\",\"name\":\"Ingenieurkammer Th\u00fcringen\",\"description\":\"\",\"potentialAction\":[{\"@type\":\"SearchAction\",\"target\":{\"@type\":\"EntryPoint\",\"urlTemplate\":\"https:\/\/ikth.de\/startseite\/?s={search_term_string}\"},\"query-input\":{\"@type\":\"PropertyValueSpecification\",\"valueRequired\":true,\"valueName\":\"search_term_string\"}}],\"inLanguage\":\"de\"}]}<\/script>\n<!-- \/ Yoast SEO plugin. -->","yoast_head_json":{"title":"Expertenverzeichnisse - Ingenieurkammer Th\u00fcringen","robots":{"index":"index","follow":"follow","max-snippet":"max-snippet:-1","max-image-preview":"max-image-preview:large","max-video-preview":"max-video-preview:-1"},"canonical":"https:\/\/ikth.de\/startseite\/expertenverzeichnisse\/","og_locale":"de_DE","og_type":"article","og_title":"Expertenverzeichnisse - Ingenieurkammer Th\u00fcringen","og_description":"[vc_row type=&#8220;vc_default&#8220;][vc_column][vc_row_inner][vc_column_inner width=&#8220;5\/6&#8243;][vc_column_text] Zertifizierungsworkshop zur &#8222;Praktischen Umsetzung der EG-Wasserrahmenrichtlinie im Freistaat Th\u00fcringen&#8220; Am 7. M\u00e4rz 2018 haben Mitglieder von Ingenieurkammer Th\u00fcringen (IKTh) und Architektenkammer Th\u00fcringen (AKTh) aus den Bereichen Wasserbau,&hellip;","og_url":"https:\/\/ikth.de\/startseite\/expertenverzeichnisse\/","og_site_name":"Ingenieurkammer Th\u00fcringen","article_modified_time":"2026-02-23T11:03:23+00:00","twitter_card":"summary_large_image","twitter_misc":{"Gesch\u00e4tzte Lesezeit":"1\u00a0Minute"},"schema":{"@context":"https:\/\/schema.org","@graph":[{"@type":"WebPage","@id":"https:\/\/ikth.de\/startseite\/expertenverzeichnisse\/","url":"https:\/\/ikth.de\/startseite\/expertenverzeichnisse\/","name":"Expertenverzeichnisse - Ingenieurkammer Th\u00fcringen","isPartOf":{"@id":"https:\/\/ikth.de\/startseite\/#website"},"datePublished":"2021-06-10T16:18:20+00:00","dateModified":"2026-02-23T11:03:23+00:00","breadcrumb":{"@id":"https:\/\/ikth.de\/startseite\/expertenverzeichnisse\/#breadcrumb"},"inLanguage":"de","potentialAction":[{"@type":"ReadAction","target":["https:\/\/ikth.de\/startseite\/expertenverzeichnisse\/"]}]},{"@type":"BreadcrumbList","@id":"https:\/\/ikth.de\/startseite\/expertenverzeichnisse\/#breadcrumb","itemListElement":[{"@type":"ListItem","position":1,"name":"Startseite","item":"https:\/\/ikth.de\/startseite\/"},{"@type":"ListItem","position":2,"name":"Expertenverzeichnisse"}]},{"@type":"WebSite","@id":"https:\/\/ikth.de\/startseite\/#website","url":"https:\/\/ikth.de\/startseite\/","name":"Ingenieurkammer Th\u00fcringen","description":"","potentialAction":[{"@type":"SearchAction","target":{"@type":"EntryPoint","urlTemplate":"https:\/\/ikth.de\/startseite\/?s={search_term_string}"},"query-input":{"@type":"PropertyValueSpecification","valueRequired":true,"valueName":"search_term_string"}}],"inLanguage":"de"}]}},"_links":{"self":[{"href":"https:\/\/ikth.de\/startseite\/wp-json\/wp\/v2\/pages\/1891","targetHints":{"allow":["GET"]}}],"collection":[{"href":"https:\/\/ikth.de\/startseite\/wp-json\/wp\/v2\/pages"}],"about":[{"href":"https:\/\/ikth.de\/startseite\/wp-json\/wp\/v2\/types\/page"}],"author":[{"embeddable":true,"href":"https:\/\/ikth.de\/startseite\/wp-json\/wp\/v2\/users\/3"}],"replies":[{"embeddable":true,"href":"https:\/\/ikth.de\/startseite\/wp-json\/wp\/v2\/comments?post=1891"}],"version-history":[{"count":1,"href":"https:\/\/ikth.de\/startseite\/wp-json\/wp\/v2\/pages\/1891\/revisions"}],"predecessor-version":[{"id":9879,"href":"https:\/\/ikth.de\/startseite\/wp-json\/wp\/v2\/pages\/1891\/revisions\/9879"}],"wp:attachment":[{"href":"https:\/\/ikth.de\/startseite\/wp-json\/wp\/v2\/media?parent=1891"}],"curies":[{"name":"wp","href":"https:\/\/api.w.org\/{rel}","templated":true}]}}