{"id":1819,"date":"2021-06-01T10:28:28","date_gmt":"2021-06-01T08:28:28","guid":{"rendered":"https:\/\/ikth.de\/startseite\/antraege-copy\/"},"modified":"2026-02-23T10:33:21","modified_gmt":"2026-02-23T09:33:21","slug":"interessentenliste","status":"publish","type":"page","link":"https:\/\/ikth.de\/startseite\/interessentenliste\/","title":{"rendered":"Interessentenliste"},"content":{"rendered":"<div class=\"wpb-content-wrapper\"><p>[vc_row type=&#8220;vc_default&#8220;][vc_column][vc_single_image image=&#8220;3203&#8243; img_size=&#8220;large&#8220; alignment=&#8220;center&#8220;][\/vc_column][\/vc_row][vc_row type=&#8220;vc_default&#8220;][vc_column]<div id=\"ultimate-heading-278569da0d1b3aa6d\" class=\"uvc-heading ult-adjust-bottom-margin ultimate-heading-278569da0d1b3aa6d uvc-585  uvc-heading-default-font-sizes\" data-hspacer=\"no_spacer\"  data-halign=\"left\" style=\"text-align:left\"><div class=\"uvc-heading-spacer no_spacer\" style=\"top\"><\/div><div class=\"uvc-main-heading ult-responsive\"  data-ultimate-target='.uvc-heading.ultimate-heading-278569da0d1b3aa6d h2'  data-responsive-json-new='{\"font-size\":\"\",\"line-height\":\"\"}' ><h2 style=\"--font-weight:theme;\">Eintragung in die Interessentenliste<\/h2><\/div><\/div>[vc_empty_space][vc_separator][\/vc_column][\/vc_row][vc_row][vc_column width=&#8220;2\/3&#8243;][vc_column_text]<\/p>\n<article class=\"uk-article\">In die Interessentenliste der Ingenieurkammer Th\u00fcringen kann eingetragen werden, wer die Bachelor-Vorpr\u00fcfung oder eine gleichwertige Pr\u00fcfung bestanden und seinen Wohnsitz oder Hochschulstudienort in Th\u00fcringen hat.<\/article>\n<article><\/article>\n<article class=\"uk-article\">Ziel dieser Initiative ist es, den Ingenieurnachwuchs \u00fcber aktuelle berufsst\u00e4ndige Themen zu informieren und die Gelegenheit zu bieten, sich mit den Einrichtungen und Leistungen der Ingenieurkammer Th\u00fcringen vertraut zu machen.<\/article>\n<article class=\"uk-article\">Mit der Eintragung in das Interessentenverzeichnis sind jedoch keine Rechte und Pflichten im Sinne einer formalen Mitgliedschaft verbunden.<\/article>\n<p>[\/vc_column_text][\/vc_column][vc_column width=&#8220;1\/3&#8243;][vc_column_text]<strong>Ansprechpartnerin<\/strong><\/p>\n<p>Ines Gehlhaar<\/p>\n<p>Telefon: 0361 22873 56<br \/>\nTelefax: 0361 22873 46<\/p>\n<p>E-Mail: <a href=\"mailto:i.gehlhaar@ikth.de\">i.gehlhaar@ikth.de<\/a>[\/vc_column_text][\/vc_column][\/vc_row][vc_row][vc_column][vc_row_inner][vc_column_inner][vc_column_text el_id=&#8220;Nachweisberechtigte&#8220;]<strong>Verfahrensablauf<\/strong><\/p>\n<p>Sie k\u00f6nnen ihren <a href=\"https:\/\/thavelp.thueringen.de\/thavelp\/portal\/zs\/87102\/start?pe=513\" target=\"_blank\" rel=\"noopener\">Antrag elektronisch \u00fcber das Portal des Th\u00fcringer Antragssystems f\u00fcr Verwaltungsleistungen (ThAVEL)<\/a> stellen. Dieser kostenfreie Dienst des Freistaates Th\u00fcringen stellt die notwendigen Dokumente f\u00fcr die hier ausgew\u00e4hlte Verwaltungsleistung auf einem virtuellen Schreibtisch bereit. Eine Schritt-f\u00fcr-Schritt-Anleitung hilft Ihnen bei der Antragsstellung. Fragen k\u00f6nnen sie direkt an die zust\u00e4ndigen Mitarbeiter der Ingenieurkammer Th\u00fcringen richten. <a href=\"https:\/\/buerger.thueringen.de\/detail?areaId=351527&amp;searchtext=Ingenieur&amp;pstId=211352567&amp;infotype=0#result\" target=\"_blank\" rel=\"noopener\">Mehr<\/a><\/p>\n<p><a href=\"https:\/\/thformular.thueringen.de\/buerger\/?s=IKTH-016-TH-FL#forms\" target=\"_blank\" rel=\"noopener\">Antragstellung per PDF<\/a>[\/vc_column_text][\/vc_column_inner][\/vc_row_inner][vc_column_text]<strong>Welche Geb\u00fchren fallen an?<\/strong><\/p>\n<p>F\u00fcr die Eintragung in das Interessentenverzeichnis der Ingenieurkammer Th\u00fcringen wird keine Bearbeitungsgeb\u00fchr erhoben. Im Jahr der Eintragung in das Interessentenverzeichnis erhebt die Ingenieurkammer Th\u00fcringen keinen Mitgliedsbeitrag.<\/p>\n<p>Ab dem Folgejahr wird eine j\u00e4hrliche Listenf\u00fchrungsgeb\u00fchr von 20 Euro erhoben.<\/p>\n<p><strong><br \/>\nWelche Unterlagen werden ben\u00f6tigt? <\/strong><\/p>\n<p>Immatrikulationsbescheinigung \u00fcber ein Studium in einer technischen oder naturwissenschaftlichen Fachrichtung an einer Hochschule in Th\u00fcringen.[\/vc_column_text][\/vc_column][\/vc_row]<\/p>\n<\/div>","protected":false},"excerpt":{"rendered":"<p>[vc_row type=&#8220;vc_default&#8220;][vc_column][vc_single_image image=&#8220;3203&#8243; img_size=&#8220;large&#8220; alignment=&#8220;center&#8220;][\/vc_column][\/vc_row][vc_row type=&#8220;vc_default&#8220;][vc_column][vc_empty_space][vc_separator][\/vc_column][\/vc_row][vc_row][vc_column width=&#8220;2\/3&#8243;][vc_column_text] In die Interessentenliste der Ingenieurkammer Th\u00fcringen kann eingetragen werden, wer die Bachelor-Vorpr\u00fcfung oder eine gleichwertige Pr\u00fcfung bestanden und seinen Wohnsitz oder Hochschulstudienort in&hellip;<\/p>\n","protected":false},"author":3,"featured_media":0,"parent":0,"menu_order":0,"comment_status":"closed","ping_status":"closed","template":"","meta":{"_acf_changed":false,"footnotes":""},"class_list":["post-1819","page","type-page","status-publish","hentry","description-off"],"acf":[],"yoast_head":"<!-- This site is optimized with the Yoast SEO plugin v26.4 - https:\/\/yoast.com\/wordpress\/plugins\/seo\/ -->\n<title>Interessentenliste - Ingenieurkammer Th\u00fcringen<\/title>\n<meta name=\"description\" content=\"0\" \/>\n<meta name=\"robots\" content=\"index, follow, max-snippet:-1, max-image-preview:large, max-video-preview:-1\" \/>\n<link rel=\"canonical\" href=\"https:\/\/ikth.de\/startseite\/interessentenliste\/\" \/>\n<meta property=\"og:locale\" content=\"de_DE\" \/>\n<meta property=\"og:type\" content=\"article\" \/>\n<meta property=\"og:title\" content=\"Interessentenliste - Ingenieurkammer Th\u00fcringen\" \/>\n<meta property=\"og:description\" content=\"[vc_row type=&#8220;vc_default&#8220;][vc_column][vc_single_image image=&#8220;3203&#8243; img_size=&#8220;large&#8220; alignment=&#8220;center&#8220;][\/vc_column][\/vc_row][vc_row type=&#8220;vc_default&#8220;][vc_column][vc_empty_space][vc_separator][\/vc_column][\/vc_row][vc_row][vc_column width=&#8220;2\/3&#8243;][vc_column_text] In die Interessentenliste der Ingenieurkammer Th\u00fcringen kann eingetragen werden, wer die Bachelor-Vorpr\u00fcfung oder eine gleichwertige Pr\u00fcfung bestanden und seinen Wohnsitz oder Hochschulstudienort in&hellip;\" \/>\n<meta property=\"og:url\" content=\"https:\/\/ikth.de\/startseite\/interessentenliste\/\" \/>\n<meta property=\"og:site_name\" content=\"Ingenieurkammer Th\u00fcringen\" \/>\n<meta property=\"article:modified_time\" content=\"2026-02-23T09:33:21+00:00\" \/>\n<meta name=\"twitter:card\" content=\"summary_large_image\" \/>\n<meta name=\"twitter:label1\" content=\"Gesch\u00e4tzte Lesezeit\" \/>\n\t<meta name=\"twitter:data1\" content=\"2\u00a0Minuten\" \/>\n<script type=\"application\/ld+json\" class=\"yoast-schema-graph\">{\"@context\":\"https:\/\/schema.org\",\"@graph\":[{\"@type\":\"WebPage\",\"@id\":\"https:\/\/ikth.de\/startseite\/interessentenliste\/\",\"url\":\"https:\/\/ikth.de\/startseite\/interessentenliste\/\",\"name\":\"Interessentenliste - Ingenieurkammer Th\u00fcringen\",\"isPartOf\":{\"@id\":\"https:\/\/ikth.de\/startseite\/#website\"},\"datePublished\":\"2021-06-01T08:28:28+00:00\",\"dateModified\":\"2026-02-23T09:33:21+00:00\",\"breadcrumb\":{\"@id\":\"https:\/\/ikth.de\/startseite\/interessentenliste\/#breadcrumb\"},\"inLanguage\":\"de\",\"potentialAction\":[{\"@type\":\"ReadAction\",\"target\":[\"https:\/\/ikth.de\/startseite\/interessentenliste\/\"]}]},{\"@type\":\"BreadcrumbList\",\"@id\":\"https:\/\/ikth.de\/startseite\/interessentenliste\/#breadcrumb\",\"itemListElement\":[{\"@type\":\"ListItem\",\"position\":1,\"name\":\"Startseite\",\"item\":\"https:\/\/ikth.de\/startseite\/\"},{\"@type\":\"ListItem\",\"position\":2,\"name\":\"Interessentenliste\"}]},{\"@type\":\"WebSite\",\"@id\":\"https:\/\/ikth.de\/startseite\/#website\",\"url\":\"https:\/\/ikth.de\/startseite\/\",\"name\":\"Ingenieurkammer Th\u00fcringen\",\"description\":\"\",\"potentialAction\":[{\"@type\":\"SearchAction\",\"target\":{\"@type\":\"EntryPoint\",\"urlTemplate\":\"https:\/\/ikth.de\/startseite\/?s={search_term_string}\"},\"query-input\":{\"@type\":\"PropertyValueSpecification\",\"valueRequired\":true,\"valueName\":\"search_term_string\"}}],\"inLanguage\":\"de\"}]}<\/script>\n<!-- \/ Yoast SEO plugin. -->","yoast_head_json":{"title":"Interessentenliste - Ingenieurkammer Th\u00fcringen","robots":{"index":"index","follow":"follow","max-snippet":"max-snippet:-1","max-image-preview":"max-image-preview:large","max-video-preview":"max-video-preview:-1"},"canonical":"https:\/\/ikth.de\/startseite\/interessentenliste\/","og_locale":"de_DE","og_type":"article","og_title":"Interessentenliste - Ingenieurkammer Th\u00fcringen","og_description":"[vc_row type=&#8220;vc_default&#8220;][vc_column][vc_single_image image=&#8220;3203&#8243; img_size=&#8220;large&#8220; alignment=&#8220;center&#8220;][\/vc_column][\/vc_row][vc_row type=&#8220;vc_default&#8220;][vc_column][vc_empty_space][vc_separator][\/vc_column][\/vc_row][vc_row][vc_column width=&#8220;2\/3&#8243;][vc_column_text] In die Interessentenliste der Ingenieurkammer Th\u00fcringen kann eingetragen werden, wer die Bachelor-Vorpr\u00fcfung oder eine gleichwertige Pr\u00fcfung bestanden und seinen Wohnsitz oder Hochschulstudienort in&hellip;","og_url":"https:\/\/ikth.de\/startseite\/interessentenliste\/","og_site_name":"Ingenieurkammer Th\u00fcringen","article_modified_time":"2026-02-23T09:33:21+00:00","twitter_card":"summary_large_image","twitter_misc":{"Gesch\u00e4tzte Lesezeit":"2\u00a0Minuten"},"schema":{"@context":"https:\/\/schema.org","@graph":[{"@type":"WebPage","@id":"https:\/\/ikth.de\/startseite\/interessentenliste\/","url":"https:\/\/ikth.de\/startseite\/interessentenliste\/","name":"Interessentenliste - Ingenieurkammer Th\u00fcringen","isPartOf":{"@id":"https:\/\/ikth.de\/startseite\/#website"},"datePublished":"2021-06-01T08:28:28+00:00","dateModified":"2026-02-23T09:33:21+00:00","breadcrumb":{"@id":"https:\/\/ikth.de\/startseite\/interessentenliste\/#breadcrumb"},"inLanguage":"de","potentialAction":[{"@type":"ReadAction","target":["https:\/\/ikth.de\/startseite\/interessentenliste\/"]}]},{"@type":"BreadcrumbList","@id":"https:\/\/ikth.de\/startseite\/interessentenliste\/#breadcrumb","itemListElement":[{"@type":"ListItem","position":1,"name":"Startseite","item":"https:\/\/ikth.de\/startseite\/"},{"@type":"ListItem","position":2,"name":"Interessentenliste"}]},{"@type":"WebSite","@id":"https:\/\/ikth.de\/startseite\/#website","url":"https:\/\/ikth.de\/startseite\/","name":"Ingenieurkammer Th\u00fcringen","description":"","potentialAction":[{"@type":"SearchAction","target":{"@type":"EntryPoint","urlTemplate":"https:\/\/ikth.de\/startseite\/?s={search_term_string}"},"query-input":{"@type":"PropertyValueSpecification","valueRequired":true,"valueName":"search_term_string"}}],"inLanguage":"de"}]}},"_links":{"self":[{"href":"https:\/\/ikth.de\/startseite\/wp-json\/wp\/v2\/pages\/1819","targetHints":{"allow":["GET"]}}],"collection":[{"href":"https:\/\/ikth.de\/startseite\/wp-json\/wp\/v2\/pages"}],"about":[{"href":"https:\/\/ikth.de\/startseite\/wp-json\/wp\/v2\/types\/page"}],"author":[{"embeddable":true,"href":"https:\/\/ikth.de\/startseite\/wp-json\/wp\/v2\/users\/3"}],"replies":[{"embeddable":true,"href":"https:\/\/ikth.de\/startseite\/wp-json\/wp\/v2\/comments?post=1819"}],"version-history":[{"count":4,"href":"https:\/\/ikth.de\/startseite\/wp-json\/wp\/v2\/pages\/1819\/revisions"}],"predecessor-version":[{"id":9875,"href":"https:\/\/ikth.de\/startseite\/wp-json\/wp\/v2\/pages\/1819\/revisions\/9875"}],"wp:attachment":[{"href":"https:\/\/ikth.de\/startseite\/wp-json\/wp\/v2\/media?parent=1819"}],"curies":[{"name":"wp","href":"https:\/\/api.w.org\/{rel}","templated":true}]}}